{"id":130,"date":"2019-03-01T13:23:34","date_gmt":"2019-03-01T12:23:34","guid":{"rendered":"http:\/\/solenebodard.fr\/?page_id=130"},"modified":"2019-03-01T13:39:09","modified_gmt":"2019-03-01T12:39:09","slug":"karine-mathiot","status":"publish","type":"page","link":"https:\/\/solenebodard.fr\/index.php\/valoriser-de-la-place-de-la-femme-dans-le-sport\/karine-mathiot\/","title":{"rendered":"Karine Mathiot"},"content":{"rendered":"\n<p class=\"has-medium-font-size\">Je me suis int\u00e9ress\u00e9 \u00e0 cette femme tr\u00e8s charismatique : Karine Mathiot entra\u00eeneur de Golf.<\/p>\n\n\n\n<p class=\"has-medium-font-size\"><br>Karine Mathiot a d\u00e9but\u00e9 par le tennis, Elle a \u00e9volu\u00e9 dans le ski au niveau internationale en \u00e9quipe de France.<br>Parall\u00e8lement elle a pass\u00e9 son brevet d\u2019\u00e9tat de ski et enseign\u00e9 pendant 11 saisons \u00e0 Courchevel.<\/p>\n\n\n\n<p class=\"has-medium-font-size\">Mais elle d\u00e9couvre le golf \u00e0 l\u2019\u00e2ge de 15 ans et depuis elle est devenu Accro. Le Golf est devenu son univers. Pour performer elle a travaill\u00e9 dur, sans rel\u00e2che et d\u00e9marr\u00e9 sa carri\u00e8re professionnelle et gravi les \u00e9chelons jusqu\u2019au Ladies European Tour.&nbsp; Plus tard&nbsp; elle passe son brevet d\u2019\u00e9tat de golf pour enseigner et communiquer sa passion.<br>Elle a mis ses comp\u00e9tences professionnelles au service du haut niveau en tant qu\u2019entraineur national au sein de la f\u00e9d\u00e9ration fran\u00e7aise de golf, de 2003 \u00e0 2014. Aujourd\u2019hui, elle est entra\u00eeneur des \u00e9quipes du Golf de palmola.<\/p>\n\n\n\n<p class=\"has-medium-font-size\">Quel parcours admirable. En lisant les diff\u00e9rents articles et interviews de Karine Mathiot, j\u2019ai ressenti de la passion pour le sport, une force de caract\u00e8re et beaucoup de travail pour en arriver o\u00f9 elle est.<\/p>\n\n\n\n<p class=\"has-medium-font-size\">Ce genre de parcours doit motiver toutes les femmes et nous donner la force et le courage de travailler sans rel\u00e2che afin d\u2019atteindre nos objectifs.&nbsp;<\/p>\n\n\n\n<p><a href=\"http:\/\/pro-golf-31.fr\/index.php\/golf\/accueil\">http:\/\/pro-golf-31.fr\/index.php\/golf\/accueil<\/a><\/p>\n\n\n\n<p><u><font color=\"#000113\" style=\"background-color: rgb(229, 245, 250);\"><a href=\"http:\/\/solenebodard.fr\/index.php\/valoriser-de-la-place-de-la-femme-dans-le-sport\/\">Retour<\/a><\/font><\/u><\/p>\n","protected":false},"excerpt":{"rendered":"<p>Je me suis int\u00e9ress\u00e9 \u00e0 cette femme tr\u00e8s charismatique : Karine Mathiot entra\u00eeneur de Golf. Karine Mathiot a d\u00e9but\u00e9 par le tennis, Elle a \u00e9volu\u00e9 dans le ski au niveau internationale en \u00e9quipe de France.Parall\u00e8lement elle a pass\u00e9 son brevet d\u2019\u00e9tat de ski et enseign\u00e9 pendant 11 saisons \u00e0 Courchevel. Mais elle d\u00e9couvre le golf [&hellip;]<\/p>\n","protected":false},"author":1,"featured_media":77,"parent":42,"menu_order":0,"comment_status":"closed","ping_status":"closed","template":"","meta":[],"_links":{"self":[{"href":"https:\/\/solenebodard.fr\/index.php\/wp-json\/wp\/v2\/pages\/130"}],"collection":[{"href":"https:\/\/solenebodard.fr\/index.php\/wp-json\/wp\/v2\/pages"}],"about":[{"href":"https:\/\/solenebodard.fr\/index.php\/wp-json\/wp\/v2\/types\/page"}],"author":[{"embeddable":true,"href":"https:\/\/solenebodard.fr\/index.php\/wp-json\/wp\/v2\/users\/1"}],"replies":[{"embeddable":true,"href":"https:\/\/solenebodard.fr\/index.php\/wp-json\/wp\/v2\/comments?post=130"}],"version-history":[{"count":2,"href":"https:\/\/solenebodard.fr\/index.php\/wp-json\/wp\/v2\/pages\/130\/revisions"}],"predecessor-version":[{"id":133,"href":"https:\/\/solenebodard.fr\/index.php\/wp-json\/wp\/v2\/pages\/130\/revisions\/133"}],"up":[{"embeddable":true,"href":"https:\/\/solenebodard.fr\/index.php\/wp-json\/wp\/v2\/pages\/42"}],"wp:featuredmedia":[{"embeddable":true,"href":"https:\/\/solenebodard.fr\/index.php\/wp-json\/wp\/v2\/media\/77"}],"wp:attachment":[{"href":"https:\/\/solenebodard.fr\/index.php\/wp-json\/wp\/v2\/media?parent=130"}],"curies":[{"name":"wp","href":"https:\/\/api.w.org\/{rel}","templated":true}]}}