{"id":1818,"date":"2019-07-15T00:07:31","date_gmt":"2019-07-14T22:07:31","guid":{"rendered":"http:\/\/solenebodard.fr\/?page_id=1818"},"modified":"2019-07-15T00:11:18","modified_gmt":"2019-07-14T22:11:18","slug":"valerie-gerhards","status":"publish","type":"page","link":"https:\/\/solenebodard.fr\/index.php\/valoriser-de-la-place-de-la-femme-dans-le-sport\/valerie-gerhards\/","title":{"rendered":"Val\u00e9rie GERHARDS"},"content":{"rendered":"\n<h4>La Pr\u00e9paration mentale est \u00ab un entra\u00eenement qui consiste \u00e0\nd\u00e9velopper les habilet\u00e9s mentales et cognitives dans l\u2019objectif d\u2019optimiser la\nperformance des sportifs.<\/h4>\n\n\n\n<p>Il est important que le sportif de haut niveau ne n\u00e9glige pas le coaching mental car c&rsquo;est un bon apport pour am\u00e9liorer ses performances et pour pr\u00e9parer des \u00e9ch\u00e9ances importantes dans les meilleures conditions.<\/p>\n\n\n\n<p>Voici le t\u00e9moignage de Val\u00e9rie GERHARDS coach sportif mental\nqui a accept\u00e9 de soutenir mon projet sport et femme.<\/p>\n\n\n\n<h4><strong>Bonjour Val\u00e9rie, parlez-moi un peu de votre\nparcours&nbsp;?<\/strong><\/h4>\n\n\n\n<p>J\u2019ai pratiqu\u00e9 4 ans le basket&nbsp;: \u00e0 l\u2019adolescence, puis\nvers 30 ans. J\u2019ai surtout beaucoup suivi pendant mon enfance le sport \u00e0 la\nt\u00e9l\u00e9&nbsp;: les grands \u00e9v\u00e8nements comme les coupes du monde de foot, le tennis\nde Roland Garros, le tournoi de rugby des 5 nations \u00e0 l\u2019\u00e9poque , et les JO bien\ns\u00fbr&nbsp;! <br>\nMon parcours scolaire, puis professionnel sont vari\u00e9s : Bac D, BTS, quelques\nann\u00e9es de pause pour \u00e9lever mes enfants, une quinzaine d\u2019ann\u00e9es dans\nl\u2019assistanat commercial et une reconversion totale \u00e0 la quarantaine&nbsp;vers\nle d\u00e9veloppement personnel.<\/p>\n\n\n\n<h4><strong>Pourquoi\nvous \u00eates-vous orient\u00e9e vers le m\u00e9tier du coaching mental ?<\/strong><\/h4>\n\n\n\n<p>J\u2019ai eu envie d\u2019utiliser les outils remarquables d\u00e9couverts\nen formation&nbsp;: Hypnose HE, PNL, EFT (technique de gestion des \u00e9motions).\nPassionn\u00e9e depuis toujours par les \u00e9motions du sport, ce fut une \u00e9vidence\nd\u2019accompagner les athl\u00e8tes vers leurs objectifs, pour y contribuer et les ressentir\n\u00e9galement.<\/p>\n\n\n\n<h4><strong>En tant que femme Val\u00e9rie, que pensez-vous apporter \u00e0\nl\u2019emploi sportif ?<\/strong><\/h4>\n\n\n\n<p>Autant qu\u2019un homme&nbsp;: mes comp\u00e9tences, mon approche de\nl\u2019humain, mon exp\u00e9rience apportent \u00e0 l\u2019emploi sportif une valeur unique et\npersonnelle, non genr\u00e9e.<\/p>\n\n\n\n<h4><strong>Pensez-vous avoir une approche, une analyse diff\u00e9rente que des pr\u00e9parateurs mental (hommes) ?<\/strong><\/h4>\n\n\n\n<p>Il n\u2019existe pas selon moi de diff\u00e9rence fondamentale entre\nl\u2019accompagnement d\u2019un coach homme ou d\u2019une femme. <strong>Seule la vision ext\u00e9rieure la cr\u00e9e<\/strong> et induit l\u2019athl\u00e8te sur le fait\nqu\u2019il pourrait \u00eatre accompagn\u00e9 diff\u00e9remment. <\/p>\n\n\n\n<p>Le travail r\u00e9side alors dans le changement des croyances\nexternes&nbsp;!<\/p>\n\n\n\n<p>M\u00eame si St\u00e9phanie Frappart est en 2019, la premi\u00e8re femme\narbitre d\u2019un match de ligue 1 de football, il est certain que les femmes ne sont\npas encore \u00e0 \u00e9galit\u00e9 question emploi. <br>\nIl m\u2019a \u00e9t\u00e9 \u00e0 2 reprises refus\u00e9 en phase finale de s\u00e9lection un contrat de\ncoaching, car dixit \u00ab&nbsp;on a pris un mec, c\u2019est mieux quand m\u00eame pour g\u00e9rer\ndes mecs non, vous comprenez n\u2019est-ce pas&nbsp;???&nbsp;\u00bb \u2026 \n\nGrand moment de d\u00e9couragement, car la lutte pour\nm\u2019imposer en tant que femme dans le milieu sportif me paraissait trop\ndifficile. Apr\u00e8s 2 ans dans un autre domaine, les \u00e9motions d\u2019accompagner les\nsportifs m\u2019ont rattrap\u00e9e\u2026j\u2019ai choisi de retourner vers ma vision, et que mon\ntravail soit reconnu \u00e0 sa juste valeur\u2026 non pas que ce soit tellement plus\nfacile encore, mais je dirais \u00ab&nbsp;envisageable&nbsp;\u00bb,&nbsp;facilit\u00e9&nbsp;par\nles femmes sportives inspirantes d\u2019aujourd\u2019hui, davantage m\u00e9diatis\u00e9es et\nreconnues. \n\n\n\n<\/p>\n\n\n\n<h4><strong>Pour finir Val\u00e9rie, que diriez-vous \u00e0 des jeunes femmes\nqui souhaiteraient s\u2019orienter vers ces m\u00e9tiers ?<\/strong><\/h4>\n\n\n\n<p>Ma grand-m\u00e8re, Jeanne\nLouise, n\u00e9e en 1908, a \u00e9t\u00e9 gardienne de but en \u00e9quipe f\u00e9minine de football\nPorte d&rsquo;Orl\u00e9ans, probablement au Paris Alesia F.C., dans les ann\u00e9es 1925\u2026&nbsp;\n\nHier, elle f\u00fbt une audacieuse, <br>\nAujourd\u2019hui nous sommes les pionni\u00e8res, <br>\nJe leur dirai&nbsp;: \u00ab&nbsp;Continuez pour que demain ces questions l\u00e0 ne se\nposent m\u00eame plus&nbsp;\u00bb\u2026\n\n\n\n<\/p>\n\n\n\n<p><a href=\"https:\/\/instagram.com\/coach_sportif_mental?igshid=10eftkjzwh5ua\">https:\/\/instagram.com\/coach_sportif_mental?igshid=10eftkjzwh5ua<\/a><\/p>\n\n\n\n<p><a href=\"https:\/\/www.linkedin.com\/in\/valeriegerhards\/\">https:\/\/www.linkedin.com\/in\/valeriegerhards\/<\/a><\/p>\n","protected":false},"excerpt":{"rendered":"<p>La Pr\u00e9paration mentale est \u00ab un entra\u00eenement qui consiste \u00e0 d\u00e9velopper les habilet\u00e9s mentales et cognitives dans l\u2019objectif d\u2019optimiser la performance des sportifs. Il est important que le sportif de haut niveau ne n\u00e9glige pas le coaching mental car c&rsquo;est un bon apport pour am\u00e9liorer ses performances et pour pr\u00e9parer des \u00e9ch\u00e9ances importantes dans les [&hellip;]<\/p>\n","protected":false},"author":1,"featured_media":1822,"parent":42,"menu_order":0,"comment_status":"closed","ping_status":"closed","template":"","meta":[],"_links":{"self":[{"href":"https:\/\/solenebodard.fr\/index.php\/wp-json\/wp\/v2\/pages\/1818"}],"collection":[{"href":"https:\/\/solenebodard.fr\/index.php\/wp-json\/wp\/v2\/pages"}],"about":[{"href":"https:\/\/solenebodard.fr\/index.php\/wp-json\/wp\/v2\/types\/page"}],"author":[{"embeddable":true,"href":"https:\/\/solenebodard.fr\/index.php\/wp-json\/wp\/v2\/users\/1"}],"replies":[{"embeddable":true,"href":"https:\/\/solenebodard.fr\/index.php\/wp-json\/wp\/v2\/comments?post=1818"}],"version-history":[{"count":3,"href":"https:\/\/solenebodard.fr\/index.php\/wp-json\/wp\/v2\/pages\/1818\/revisions"}],"predecessor-version":[{"id":1824,"href":"https:\/\/solenebodard.fr\/index.php\/wp-json\/wp\/v2\/pages\/1818\/revisions\/1824"}],"up":[{"embeddable":true,"href":"https:\/\/solenebodard.fr\/index.php\/wp-json\/wp\/v2\/pages\/42"}],"wp:featuredmedia":[{"embeddable":true,"href":"https:\/\/solenebodard.fr\/index.php\/wp-json\/wp\/v2\/media\/1822"}],"wp:attachment":[{"href":"https:\/\/solenebodard.fr\/index.php\/wp-json\/wp\/v2\/media?parent=1818"}],"curies":[{"name":"wp","href":"https:\/\/api.w.org\/{rel}","templated":true}]}}