{"id":364,"date":"2019-03-24T19:00:03","date_gmt":"2019-03-24T18:00:03","guid":{"rendered":"http:\/\/solenebodard.fr\/?page_id=364"},"modified":"2019-03-26T14:46:14","modified_gmt":"2019-03-26T13:46:14","slug":"marie-charlotte-leger","status":"publish","type":"page","link":"https:\/\/solenebodard.fr\/index.php\/valoriser-de-la-place-de-la-femme-dans-le-sport\/marie-charlotte-leger\/","title":{"rendered":"Marie Charlotte LEGER"},"content":{"rendered":"\n<p>Pour ma premi\u00e8re interview \u00ab&nbsp;Sport et femme&nbsp;\u00bb, je vais vous pr\u00e9senter une joueuse de football tr\u00e8s attachante, avec un grand c\u0153ur et toujours disponible. Je l\u2019ai rencontr\u00e9e lors de mon stage en Division 1 avec le FCF 91 C\u0153ur d\u2019Essonne \u00e0 Fleury-M\u00e9rogis. <\/p>\n\n\n\n<p><iframe width=\"600\" height=\"338\" src=\"https:\/\/www.youtube.com\/embed\/eC92az1fcCU?feature=oembed\" frameborder=\"0\" allow=\"accelerometer; autoplay; encrypted-media; gyroscope; picture-in-picture\" allowfullscreen><\/iframe> <\/p>\n\n\n\n<p>C\u0153ur d\u2019Essonne \u00e0 Fleury-M\u00e9rogis. https:\/\/youtu.be\/eC92az1fcCU <\/p>\n\n\n\n<p>A seulement 23 ans Marie Charlotte Leger est une joueuse\ninternationale fran\u00e7aise, elle \u00e9volue au poste d&rsquo;attaquant et joue actuellement\nau Football Club Fleury 91 C\u0153ur d&rsquo;Essonne.<\/p>\n\n\n\n<p>Elle a \u00e9t\u00e9 form\u00e9e \u00e0 Abbeville. En 2012 elle fait ses d\u00e9buts\nen deuxi\u00e8me division \u00e0 <a>H\u00e9nin-Beaumont<\/a>. Les r\u00e9sultats\ndu club \u00e9tant bons, elle d\u00e9bute en Championnat de France de football f\u00e9minin premi\u00e8re\ndivision.<\/p>\n\n\n\n<p>Pour la saison 2014 elle est transf\u00e9r\u00e9e \u00e0 Metz en premi\u00e8re division,\npuis en 2015 au Montpellier HSC toujours en premi\u00e8re division o\u00f9 elle est finaliste\nde la coupe de France en 2016.<\/p>\n\n\n\n<p>Marie-Charlotte Leger Compte 10 s\u00e9lections en Equipe de France A.<\/p>\n\n\n\n<hr class=\"wp-block-separator\"\/>\n\n\n\n<p>Voici son interview&nbsp;:<\/p>\n\n\n\n<h5>Marie-Charlotte Quel est ton parcours (scolaire ou autre) ?&nbsp; Comment es-tu devenu footballeuse ?<\/h5>\n\n\n\n<blockquote class=\"wp-block-quote\"><p>J\u2019ai obtenu mon brevet puis je suis all\u00e9e en sport \u00e9tude \u00e0 Li\u00e9vin et j\u2019ai obtenu un BAC STMG. Ensuite en arrivant au MHSC (Montpellier H\u00e9rault Football club) j\u2019ai pass\u00e9 un BPJEPS sp\u00e9cialis\u00e9 en sports collectifs.<\/p><\/blockquote>\n\n\n\n<blockquote class=\"wp-block-quote\"><p>Je me suis orient\u00e9e vers le football gr\u00e2ce \u00e0 mon p\u00e8re car on est une famille de footballeurs. Puis tout naturellement en commen\u00e7ant le sport \u00e9tude au coll\u00e8ge puis au lyc\u00e9e \u00e0 Li\u00e9vin.<\/p><\/blockquote>\n\n\n\n<h5>En tant que femme, que penses-tu apporter au football ?<\/h5>\n\n\n\n<blockquote class=\"wp-block-quote\"><p>Je pense que l\u2019on peut apporter un changement de mentalit\u00e9, en effet beaucoup de personnes pensent encore que le football reste un sport d\u2019homme.<\/p><\/blockquote>\n\n\n\n<h5>Marie-Charlotte, quel est le quotidien d\u2019une joueuse de\nfootball professionnelle ? S\u2019il en existe un\u2026 sinon quel est ton quotidien ?<\/h5>\n\n\n\n<blockquote class=\"wp-block-quote\"><p>Nous avons entra\u00eenement une \u00e0 deux fois par jour, du mardi au samedi avec un match le samedi ou le dimanche, avec souvent comme jour de repos le dimanche (quand nous jouons le samedi) ou le lundi (quand nous jouons le dimanche).<\/p><\/blockquote>\n\n\n\n<h5>Comment souhaiterais-tu que le football f\u00e9minin \u00e9volue ?\net comment penses-tu que le football f\u00e9minin va \u00e9voluer&nbsp;?<\/h5>\n\n\n\n<blockquote class=\"wp-block-quote\"><p>Le foot f\u00e9minin a d\u00e9j\u00e0 fait un pas en avant avec les diffusions de matchs sur Canal +, maintenant avec la coupe du monde, je pense que cela va prendre encore une plus grande ampleur.<\/p><\/blockquote>\n\n\n\n<h5>D\u2019apr\u00e8s toi, quelles sont les qualit\u00e9s n\u00e9cessaires pour\n\u00eatre une bonne sportive de haut niveau ?<\/h5>\n\n\n\n<blockquote class=\"wp-block-quote\"><p>Je pense qu\u2019il faut d\u00e9j\u00e0 une bonne hygi\u00e8ne de vie, de la motivation, et du moral car nous ne sommes pas toujours proches de nos parents, amis etc. donc il faut \u00eatre bien entour\u00e9 des bonnes personnes.<\/p><\/blockquote>\n\n\n\n<h5>En tant que joueuse professionnelle, penses-tu qu\u2019on peut\nen vivre&nbsp;?<\/h5>\n\n\n\n<blockquote class=\"wp-block-quote\"><p>La 1\u00e8re division est en train, de se professionnaliser&nbsp;: de nos jours, de plus en plus de filles sont sous contrat professionnel selon les moyens des clubs. Personnellement je vis seulement du foot et je ne fais que \u00e7a.<\/p><\/blockquote>\n\n\n\n<h5>Pour finir que dirais-tu \u00e0 des jeunes femmes qui\nsouhaiteraient s\u2019orienter vers ces m\u00e9tiers ?<\/h5>\n\n\n\n<blockquote class=\"wp-block-quote\"><p>Je leur dirai de foncer, mais tout d\u2019abord de privil\u00e9gier les \u00e9tudes et avoir une seconde piste comme m\u00e9tier au cas o\u00f9 cela ne fonctionne pas. Mais sinon c\u2019est un m\u00e9tier magnifique !!<\/p><\/blockquote>\n\n\n\n<ul class=\"wp-block-gallery columns-3 is-cropped\"><li class=\"blocks-gallery-item\"><figure><img loading=\"lazy\" width=\"1024\" height=\"683\" src=\"http:\/\/solenebodard.fr\/wp-content\/uploads\/2019\/03\/24b5371a-436d-434e-8dc3-8ab60a04a1e3-1-1024x683.jpg\" alt=\"\" data-id=\"378\" data-link=\"http:\/\/solenebodard.fr\/24b5371a-436d-434e-8dc3-8ab60a04a1e3-2\/\" class=\"wp-image-378\" srcset=\"https:\/\/solenebodard.fr\/wp-content\/uploads\/2019\/03\/24b5371a-436d-434e-8dc3-8ab60a04a1e3-1-1024x683.jpg 1024w, https:\/\/solenebodard.fr\/wp-content\/uploads\/2019\/03\/24b5371a-436d-434e-8dc3-8ab60a04a1e3-1-300x200.jpg 300w, https:\/\/solenebodard.fr\/wp-content\/uploads\/2019\/03\/24b5371a-436d-434e-8dc3-8ab60a04a1e3-1-768x513.jpg 768w, https:\/\/solenebodard.fr\/wp-content\/uploads\/2019\/03\/24b5371a-436d-434e-8dc3-8ab60a04a1e3-1.jpg 1500w\" sizes=\"(max-width: 1024px) 100vw, 1024px\" \/><\/figure><\/li><li class=\"blocks-gallery-item\"><figure><img loading=\"lazy\" width=\"576\" height=\"1024\" src=\"http:\/\/solenebodard.fr\/wp-content\/uploads\/2019\/03\/5ed9fa43-f776-4f30-9808-b103a535561d-576x1024.jpg\" alt=\"\" data-id=\"377\" data-link=\"http:\/\/solenebodard.fr\/5ed9fa43-f776-4f30-9808-b103a535561d\/\" class=\"wp-image-377\" srcset=\"https:\/\/solenebodard.fr\/wp-content\/uploads\/2019\/03\/5ed9fa43-f776-4f30-9808-b103a535561d-576x1024.jpg 576w, https:\/\/solenebodard.fr\/wp-content\/uploads\/2019\/03\/5ed9fa43-f776-4f30-9808-b103a535561d-169x300.jpg 169w, https:\/\/solenebodard.fr\/wp-content\/uploads\/2019\/03\/5ed9fa43-f776-4f30-9808-b103a535561d.jpg 750w\" sizes=\"(max-width: 576px) 100vw, 576px\" \/><\/figure><\/li><li class=\"blocks-gallery-item\"><figure><img loading=\"lazy\" width=\"576\" height=\"1024\" src=\"http:\/\/solenebodard.fr\/wp-content\/uploads\/2019\/03\/2106a025-8c24-4ad9-8a92-091c8af2005f-576x1024.jpg\" alt=\"\" data-id=\"376\" data-link=\"http:\/\/solenebodard.fr\/2106a025-8c24-4ad9-8a92-091c8af2005f\/\" class=\"wp-image-376\" srcset=\"https:\/\/solenebodard.fr\/wp-content\/uploads\/2019\/03\/2106a025-8c24-4ad9-8a92-091c8af2005f-576x1024.jpg 576w, https:\/\/solenebodard.fr\/wp-content\/uploads\/2019\/03\/2106a025-8c24-4ad9-8a92-091c8af2005f-169x300.jpg 169w, https:\/\/solenebodard.fr\/wp-content\/uploads\/2019\/03\/2106a025-8c24-4ad9-8a92-091c8af2005f.jpg 750w\" sizes=\"(max-width: 576px) 100vw, 576px\" \/><\/figure><\/li><li class=\"blocks-gallery-item\"><figure><img loading=\"lazy\" width=\"1024\" height=\"683\" src=\"http:\/\/solenebodard.fr\/wp-content\/uploads\/2019\/03\/NIK_1623-1024x683.jpg\" alt=\"\" data-id=\"375\" data-link=\"http:\/\/solenebodard.fr\/nik_1623\/\" class=\"wp-image-375\" srcset=\"https:\/\/solenebodard.fr\/wp-content\/uploads\/2019\/03\/NIK_1623-1024x683.jpg 1024w, https:\/\/solenebodard.fr\/wp-content\/uploads\/2019\/03\/NIK_1623-300x200.jpg 300w, https:\/\/solenebodard.fr\/wp-content\/uploads\/2019\/03\/NIK_1623-768x512.jpg 768w\" sizes=\"(max-width: 1024px) 100vw, 1024px\" \/><\/figure><\/li><\/ul>\n","protected":false},"excerpt":{"rendered":"<p>Pour ma premi\u00e8re interview \u00ab&nbsp;Sport et femme&nbsp;\u00bb, je vais vous pr\u00e9senter une joueuse de football tr\u00e8s attachante, avec un grand c\u0153ur et toujours disponible. Je l\u2019ai rencontr\u00e9e lors de mon stage en Division 1 avec le FCF 91 C\u0153ur d\u2019Essonne \u00e0 Fleury-M\u00e9rogis. C\u0153ur d\u2019Essonne \u00e0 Fleury-M\u00e9rogis. https:\/\/youtu.be\/eC92az1fcCU A seulement 23 ans Marie Charlotte Leger est [&hellip;]<\/p>\n","protected":false},"author":1,"featured_media":328,"parent":42,"menu_order":0,"comment_status":"closed","ping_status":"closed","template":"","meta":[],"_links":{"self":[{"href":"https:\/\/solenebodard.fr\/index.php\/wp-json\/wp\/v2\/pages\/364"}],"collection":[{"href":"https:\/\/solenebodard.fr\/index.php\/wp-json\/wp\/v2\/pages"}],"about":[{"href":"https:\/\/solenebodard.fr\/index.php\/wp-json\/wp\/v2\/types\/page"}],"author":[{"embeddable":true,"href":"https:\/\/solenebodard.fr\/index.php\/wp-json\/wp\/v2\/users\/1"}],"replies":[{"embeddable":true,"href":"https:\/\/solenebodard.fr\/index.php\/wp-json\/wp\/v2\/comments?post=364"}],"version-history":[{"count":8,"href":"https:\/\/solenebodard.fr\/index.php\/wp-json\/wp\/v2\/pages\/364\/revisions"}],"predecessor-version":[{"id":391,"href":"https:\/\/solenebodard.fr\/index.php\/wp-json\/wp\/v2\/pages\/364\/revisions\/391"}],"up":[{"embeddable":true,"href":"https:\/\/solenebodard.fr\/index.php\/wp-json\/wp\/v2\/pages\/42"}],"wp:featuredmedia":[{"embeddable":true,"href":"https:\/\/solenebodard.fr\/index.php\/wp-json\/wp\/v2\/media\/328"}],"wp:attachment":[{"href":"https:\/\/solenebodard.fr\/index.php\/wp-json\/wp\/v2\/media?parent=364"}],"curies":[{"name":"wp","href":"https:\/\/api.w.org\/{rel}","templated":true}]}}