{"id":394,"date":"2019-04-08T22:57:44","date_gmt":"2019-04-08T20:57:44","guid":{"rendered":"http:\/\/solenebodard.fr\/?page_id=394"},"modified":"2019-04-10T13:07:13","modified_gmt":"2019-04-10T11:07:13","slug":"alexia-charrier","status":"publish","type":"page","link":"https:\/\/solenebodard.fr\/index.php\/valoriser-de-la-place-de-la-femme-dans-le-sport\/alexia-charrier\/","title":{"rendered":"Alexia Charrier"},"content":{"rendered":"\n<h3>Aujourd&rsquo;hui je vous pr\u00e9sente Alexia Charrier, une passionn\u00e9e qui aborde le sport sous tous les angles et qui a un parcours riche d&rsquo;enseignements.<\/h3>\n\n\n\n<h4>Alexia pouvez-vous me r\u00e9sumer votre parcours? <\/h4>\n\n\n\n<blockquote class=\"wp-block-quote\"><p>Je m\u2019appelle Alexia Charrier, je vais sur mes 29 ans, et j\u2019exerce plusieurs professions sportives. Comment j\u2019en suis arriv\u00e9e ici&nbsp;? Je vais vous retracer mon parcours.<\/p><\/blockquote>\n\n\n\n<blockquote class=\"wp-block-quote\"><p>J\u2019ai commenc\u00e9 le tennis \u00e0 l\u2019\u00e2ge 6 ans et le pratique encore aujourd\u2019hui. Ce n\u2019est r\u00e9ellement <b>devenu une passion qu\u2019\u00e0 l\u2019\u00e2ge de 15 ans<\/b>, lorsque j\u2019ai commenc\u00e9 \u00e0 m\u2019int\u00e9resser \u00e0 ceux qui dominent ce sport, mais \u00e9galement \u00e0 le pratiquer moi-m\u00eame en dehors de mon unique cr\u00e9neau hebdomadaire, y compris en tournoi. Jusqu\u2019\u00e0 pr\u00e9sent, j\u2019avais touch\u00e9 \u00e0 la plupart des sports qui pouvaient se pratiquer dans ma petite commune&nbsp;! Ma passion pour le tennis fut grandissante pendant mes ann\u00e9es de lyc\u00e9e \u00e0 tel point que j\u2019ai h\u00e9sit\u00e9 entre une fili\u00e8re sport (STAPS) et biologie, \u00e0 la suite de mon baccalaur\u00e9at scientifique. J\u2019avais envie d\u2019enseigner et de faire de la recherche. <\/p><\/blockquote>\n\n\n\n<blockquote class=\"wp-block-quote\"><p>Apr\u00e8s m\u2019\u00eatre faite influenc\u00e9e par mon entourage pour qui STAPS ne d\u00e9bouchait que sur professeur d\u2019Education Physique et Sportive, je suis donc partie pour deux ans de licence de Biologie et \u00e9cologie g\u00e9n\u00e9rale \u00e0 l\u2019Universit\u00e9 de La Rochelle. Deux ann\u00e9es difficiles sur le plan scolaire sans r\u00e9elles perspectives professionnelles mais avec une formation d\u2019initiateur de tennis 1<sup>er<\/sup> degr\u00e9 en poche me permettant d\u2019enseigner \u00e0 de jeunes joueurs en dehors de mes \u00e9tudes. <\/p><\/blockquote>\n\n\n\n<blockquote class=\"wp-block-quote\"><p>Fort de ce constat, j\u2019ai donc d\u00e9cid\u00e9 d\u2019envoyer un dossier de demande d\u2019\u00e9quivalence \u00e0 diff\u00e9rentes universit\u00e9s STAPS. En septembre 2010, j\u2019int\u00e9grais la licence 3 Entra\u00eenement Sportif \u00e0 l\u2019Universit\u00e9 de Nantes avec un niveau tennistique de seconde s\u00e9rie. <strong>Je me sentais enfin \u00e0 ma place&nbsp;! <\/strong>L\u2019envie de poursuivre dans cette voie et de r\u00e9aliser de longues \u00e9tudes m\u2019ont amen\u00e9e \u00e0 r\u00e9aliser un Master. Un an plus tard, j\u2019int\u00e9grais donc le Master Sciences et Technique du Coaching Sportif parcours R\u00e9athl\u00e9tisation de l\u2019Universit\u00e9 de Nice. Pourquoi r\u00e9athl\u00e9tisation&nbsp;? Tout simplement parce que les deux enseignants m\u2019ayant le plus passionn\u00e9e lors de cette ann\u00e9e de licence mettaient en avant <strong>la r\u00e9athl\u00e9tisation comme le m\u00e9tier d\u2019avenir dans le sport<\/strong>.<\/p><\/blockquote>\n\n\n\n<blockquote class=\"wp-block-quote\"><p>Et je n\u2019ai pas regrett\u00e9 ce choix. J\u2019ai m\u00eame eu la chance de pouvoir r\u00e9aliser mon stage de Master 1 dans la plus grande acad\u00e9mie de tennis d\u2019Europe, une des raisons pour lesquelles j\u2019avais choisi l\u2019universit\u00e9 de Nice. J\u2019avais toujours continu\u00e9 \u00e0 enseigner le tennis, retrouvant un nouveau club \u00e0 chacun de mes d\u00e9m\u00e9nagements et progressant d\u2019ann\u00e9es en ann\u00e9es. J\u2019ai r\u00e9alis\u00e9 mon stage de deuxi\u00e8me ann\u00e9e de master dans un centre de r\u00e9\u00e9ducation sportive, qui recevait entre autres, des joueurs de tennis. Je travaillais en partenariat avec un kin\u00e9sith\u00e9rapeute du sport, prenant le relais sur le r\u00e9entra\u00eenement avant le retour des patients sur le terrain ou dans la vie active. Mais je sentais qu\u2019il me manquait des outils, cette d\u00e9pendance vis-\u00e0-vis du kin\u00e9sith\u00e9rapeute me g\u00eanait, j\u2019avais envie d\u2019apprendre des techniques manuelles, de pouvoir prendre une charge une blessure de A \u00e0 Z. <strong>J\u2019ai donc d\u00e9cid\u00e9 de poursuivre mes \u00e9tudes en kin\u00e9sith\u00e9rapie du sport<\/strong>. Apr\u00e8s deux ans, en tant que coach sportive et professeur de tennis, j\u2019int\u00e8gre sur concours le <strong>Bachelor en Physioth\u00e9rapie<\/strong> \u00e0 la Haute Ecole de Sant\u00e9 de Gen\u00e8ve. <\/p><\/blockquote>\n\n\n\n<blockquote class=\"wp-block-quote\"><p>Apr\u00e8s 3 ann\u00e9es d\u2019\u00e9tudes suppl\u00e9mentaires, me voil\u00e0 maintenant <strong>pr\u00e9paratrice physique, r\u00e9athl\u00e9tiseuse, professeur de tennis, coach sportive et enfin kin\u00e9sith\u00e9rapeute, sp\u00e9cialis\u00e9e dans le tennis<\/strong>. <strong>Mais je ne compte pas m\u2019arr\u00eater l\u00e0<\/strong>, j\u2019ai encore un nouveau projet&nbsp;: poursuivre sur un DU de pr\u00e9parateur mental en septembre prochain. Je souhaite accompagner les joueurs de tennis dans les diff\u00e9rents facteurs de la performance.<\/p><\/blockquote>\n\n\n\n<div class=\"wp-block-image\"><figure class=\"aligncenter\"><img loading=\"lazy\" width=\"300\" height=\"293\" src=\"http:\/\/solenebodard.fr\/wp-content\/uploads\/2019\/04\/Article-Echir\u00e9-300x293.jpg\" alt=\"\" class=\"wp-image-397\" srcset=\"https:\/\/solenebodard.fr\/wp-content\/uploads\/2019\/04\/Article-Echir\u00e9-300x293.jpg 300w, https:\/\/solenebodard.fr\/wp-content\/uploads\/2019\/04\/Article-Echir\u00e9.jpg 598w\" sizes=\"(max-width: 300px) 100vw, 300px\" \/><\/figure><\/div>\n\n\n\n<h4>Pourquoi vous \u00eates-vous orient\u00e9e vers les m\u00e9tiers du sport ?<\/h4>\n\n\n\n<blockquote class=\"wp-block-quote\"><p>Je pense y avoir d\u00e9j\u00e0 partiellement r\u00e9pondu. J\u2019ai suivi ma passion. J\u2019ai toujours entendu mon p\u00e8re dire que son m\u00e9tier ne lui plaisait pas, qu\u2019il l\u2019avait choisi par n\u00e9cessit\u00e9 pour pouvoir rapidement gagner sa vie. J\u2019ai eu de la chance, mes parents m\u2019ont toujours soutenue dans mes projets, m\u00eame s\u2019ils n\u2019\u00e9taient pas toujours d\u2019accord avec ceux-ci&nbsp;! Nous passons une grande part de notre vie \u00e0 travailler, alors autant que notre travail soit le plus plaisant possible&nbsp;! Je ne suis pas sportive professionnelle, mais <strong>je pense pouvoir dire que je vis de ma passion<\/strong>.<\/p><\/blockquote>\n\n\n\n<h4>En tant que femme Alexia, que pensez-vous apporter \u00e0 l\u2019emploi sportif ?<\/h4>\n\n\n\n<blockquote class=\"wp-block-quote\"><p>Le sport se f\u00e9minise. Les femmes sont de plus en plus pr\u00e9sentes dans le milieu sportif et les \u00e9v\u00e8nements f\u00e9minins se multiplient. Les raisons qui conduisent \u00e0 la pratique sportive et les attentes vis-\u00e0-vis de cette derni\u00e8re sont parfois diff\u00e9rentes entre les hommes et les femmes. Je pense qu\u2019en tant que femmes, <strong>nous sommes plus aptes \u00e0 comprendre et r\u00e9pondre \u00e0 la demande, \u00e0 proposer une offre qui puisse convenir aux femmes<\/strong>, pour une pratique sur le&nbsp;long terme. <\/p><\/blockquote>\n\n\n\n<blockquote class=\"wp-block-quote\"><p>Cependant, de nombreuses in\u00e9galit\u00e9s persistent encore, de nombreux clich\u00e9s perdurent avec notamment des sports qui seraient plus adapt\u00e9s aux hommes qu\u2019aux femmes. Au tennis, 70% des licenci\u00e9s sont des hommes. <strong>La pr\u00e9sence de femmes dans l\u2019encadrement de ce type de sports pourrait davantage inciter les filles et les femmes \u00e0 s\u2019y inscrire<\/strong>, continuer \u00e0 pratiquer et pourquoi pas susciter des vocations. Il faut dire que des in\u00e9galit\u00e9s en termes de m\u00e9diatisation et par cons\u00e9quent salariales persistent. La m\u00e9diatisation d\u2019\u00e9v\u00e8nements sportifs incite \u00e0 la pratique. Pour compenser ce manque, nous nous devons d\u2019\u00eatre de plus en plus pr\u00e9sentes dans l\u2019encadrement, dans l\u2019entra\u00eenement de ces sports pour effacer petit \u00e0 petit ces clich\u00e9s. Je pense que les jeunes filles ont \u00e9galement besoin d\u2019un \u00ab&nbsp;mod\u00e8le f\u00e9minin&nbsp;\u00bb dans leur pratique sportive.<\/p><\/blockquote>\n\n\n\n<div class=\"wp-block-image\"><figure class=\"aligncenter\"><img loading=\"lazy\" width=\"300\" height=\"225\" src=\"http:\/\/solenebodard.fr\/wp-content\/uploads\/2019\/04\/SAM_0577-300x225.jpg\" alt=\"\" class=\"wp-image-395\" srcset=\"https:\/\/solenebodard.fr\/wp-content\/uploads\/2019\/04\/SAM_0577-300x225.jpg 300w, https:\/\/solenebodard.fr\/wp-content\/uploads\/2019\/04\/SAM_0577-768x576.jpg 768w, https:\/\/solenebodard.fr\/wp-content\/uploads\/2019\/04\/SAM_0577-1024x768.jpg 1024w, https:\/\/solenebodard.fr\/wp-content\/uploads\/2019\/04\/SAM_0577.jpg 2048w\" sizes=\"(max-width: 300px) 100vw, 300px\" \/><\/figure><\/div>\n\n\n\n<h4>En tant que pr\u00e9parateur physique et coach sportif, pensez-vous avoir une approche ou une analyse diff\u00e9rente des pr\u00e9parateurs physique (hommes) lors de vos entrainements ?<\/h4>\n\n\n\n<blockquote class=\"wp-block-quote\"><p>S\u00fbrement \u00e9galement d\u00fb \u00e0 mon c\u00f4t\u00e9 kin\u00e9sith\u00e9rapeute, si je me compare \u00e0 mes coll\u00e8gues hommes, je pense \u00eatre davantage centr\u00e9e sur le bien-\u00eatre de mes joueurs en premier lieu. Je leur demande d\u2019autant plus leur ressenti, leurs \u00e9motions, je fais attention \u00e0 la moindre douleur. Je trouve qu\u2019ils se confient davantage \u00e0 moi. <strong>J\u2019int\u00e8gre davantage l\u2019aspect mental dans mes s\u00e9ances.<\/strong> Je veux qu\u2019ils soient dans les meilleures conditions possibles avant de pratiquer des s\u00e9ances difficiles sur le plan physique.<\/p><\/blockquote>\n\n\n\n<h4>Que diriez-vous \u00e0 des jeunes femmes qui souhaiteraient s\u2019orienter vers ces m\u00e9tiers ?<\/h4>\n\n\n\n<blockquote class=\"wp-block-quote\"><p><strong>Si le sport est leur passion, qu\u2019elles foncent&nbsp;!! <\/strong>On a besoin d\u2019elles pour faire changer les croyances, les clich\u00e9s, pour amener davantage de femmes dans les sports pens\u00e9s plus \u00ab&nbsp;masculins&nbsp;\u00bb, d\u2019augmenter la m\u00e9diatisation des femmes dans le sport, et les investissements financiers. <\/p><\/blockquote>\n\n\n\n<blockquote class=\"wp-block-quote\"><p>Ce ne sera pas toujours facile, il faudra passer outre un machisme encore parfois pr\u00e9sent. Il y a quelques ann\u00e9es, on m\u2019a refus\u00e9 un stage me permettant de participer \u00e0 l\u2019encadrement de l\u2019\u00e9quipe de Monaco de Coupe Davis de tennis. Sans doute \u00e0 cause de l\u2019exp\u00e9rience malheureuse d\u2019une pr\u00e9c\u00e9dente stagiaire, de mon caract\u00e8re r\u00e9serv\u00e9, d\u2019un manque de confiance en moi et de comp\u00e9tences encore limit\u00e9es. Malheureusement, je pense qu\u2019\u00e0 comp\u00e9tences \u00e9gales, professionnelles et sportives, un club choisira un homme plut\u00f4t qu\u2019une femme, sur un sport \u00e0 dominante masculine. <strong>Il faut vraiment rester curieuse, avoir toujours envie de progresser, d\u2019\u00e9largir ses comp\u00e9tences pour pouvoir se d\u00e9marquer<\/strong>. Aujourd\u2019hui, j\u2019accompagne et j\u2019entra\u00eene une grande majorit\u00e9 d\u2019hommes, y compris de haut niveau. On me contacte et on me respecte pour mes comp\u00e9tences. La confiance en soi s\u2019acqui\u00e8re avec l\u2019exp\u00e9rience, il faut croire en ses capacit\u00e9s et oser de nouveaux d\u00e9fis professionnels&nbsp;!<\/p><\/blockquote>\n\n\n\n<div class=\"wp-block-image\"><figure class=\"aligncenter\"><img loading=\"lazy\" width=\"225\" height=\"300\" src=\"http:\/\/solenebodard.fr\/wp-content\/uploads\/2019\/04\/SAM_0572-225x300.jpg\" alt=\"\" class=\"wp-image-398\" srcset=\"https:\/\/solenebodard.fr\/wp-content\/uploads\/2019\/04\/SAM_0572-225x300.jpg 225w, https:\/\/solenebodard.fr\/wp-content\/uploads\/2019\/04\/SAM_0572-768x1024.jpg 768w, https:\/\/solenebodard.fr\/wp-content\/uploads\/2019\/04\/SAM_0572.jpg 1536w\" sizes=\"(max-width: 225px) 100vw, 225px\" \/><\/figure><\/div>\n\n\n\n<p><a href=\"https:\/\/www.linkedin.com\/in\/alexia-charrier-82086481\/\">https:\/\/www.linkedin.com\/in\/alexia-charrier-82086481\/<\/a><\/p>\n\n\n\n<div class=\"wp-block-image\"><figure class=\"aligncenter\"><a href=\"https:\/\/www.linkedin.com\/in\/alexia-charrier-82086481\/\"><img loading=\"lazy\" width=\"790\" height=\"470\" src=\"http:\/\/solenebodard.fr\/wp-content\/uploads\/2019\/04\/image.png\" alt=\"\" class=\"wp-image-412\" srcset=\"https:\/\/solenebodard.fr\/wp-content\/uploads\/2019\/04\/image.png 790w, https:\/\/solenebodard.fr\/wp-content\/uploads\/2019\/04\/image-300x178.png 300w, https:\/\/solenebodard.fr\/wp-content\/uploads\/2019\/04\/image-768x457.png 768w\" sizes=\"(max-width: 790px) 100vw, 790px\" \/><\/a><\/figure><\/div>\n","protected":false},"excerpt":{"rendered":"<p>Aujourd&rsquo;hui je vous pr\u00e9sente Alexia Charrier, une passionn\u00e9e qui aborde le sport sous tous les angles et qui a un parcours riche d&rsquo;enseignements. Alexia pouvez-vous me r\u00e9sumer votre parcours? Je m\u2019appelle Alexia Charrier, je vais sur mes 29 ans, et j\u2019exerce plusieurs professions sportives. Comment j\u2019en suis arriv\u00e9e ici&nbsp;? Je vais vous retracer mon parcours. [&hellip;]<\/p>\n","protected":false},"author":1,"featured_media":396,"parent":42,"menu_order":2,"comment_status":"closed","ping_status":"closed","template":"","meta":[],"_links":{"self":[{"href":"https:\/\/solenebodard.fr\/index.php\/wp-json\/wp\/v2\/pages\/394"}],"collection":[{"href":"https:\/\/solenebodard.fr\/index.php\/wp-json\/wp\/v2\/pages"}],"about":[{"href":"https:\/\/solenebodard.fr\/index.php\/wp-json\/wp\/v2\/types\/page"}],"author":[{"embeddable":true,"href":"https:\/\/solenebodard.fr\/index.php\/wp-json\/wp\/v2\/users\/1"}],"replies":[{"embeddable":true,"href":"https:\/\/solenebodard.fr\/index.php\/wp-json\/wp\/v2\/comments?post=394"}],"version-history":[{"count":11,"href":"https:\/\/solenebodard.fr\/index.php\/wp-json\/wp\/v2\/pages\/394\/revisions"}],"predecessor-version":[{"id":416,"href":"https:\/\/solenebodard.fr\/index.php\/wp-json\/wp\/v2\/pages\/394\/revisions\/416"}],"up":[{"embeddable":true,"href":"https:\/\/solenebodard.fr\/index.php\/wp-json\/wp\/v2\/pages\/42"}],"wp:featuredmedia":[{"embeddable":true,"href":"https:\/\/solenebodard.fr\/index.php\/wp-json\/wp\/v2\/media\/396"}],"wp:attachment":[{"href":"https:\/\/solenebodard.fr\/index.php\/wp-json\/wp\/v2\/media?parent=394"}],"curies":[{"name":"wp","href":"https:\/\/api.w.org\/{rel}","templated":true}]}}