{"id":42,"date":"2019-02-07T22:14:04","date_gmt":"2019-02-07T21:14:04","guid":{"rendered":"http:\/\/solenebodard.fr\/?page_id=42"},"modified":"2019-03-01T13:51:13","modified_gmt":"2019-03-01T12:51:13","slug":"valoriser-de-la-place-de-la-femme-dans-le-sport","status":"publish","type":"page","link":"https:\/\/solenebodard.fr\/index.php\/valoriser-de-la-place-de-la-femme-dans-le-sport\/","title":{"rendered":"Valoriser la place de la femme dans le sport"},"content":{"rendered":"\n<div class=\"wp-block-media-text alignwide\"><figure class=\"wp-block-media-text__media\"><img loading=\"lazy\" width=\"1024\" height=\"682\" src=\"http:\/\/solenebodard.fr\/wp-content\/uploads\/2019\/02\/DSC04695_1024-1024x682.jpg\" alt=\"\" class=\"wp-image-43\" srcset=\"https:\/\/solenebodard.fr\/wp-content\/uploads\/2019\/02\/DSC04695_1024.jpg 1024w, https:\/\/solenebodard.fr\/wp-content\/uploads\/2019\/02\/DSC04695_1024-300x200.jpg 300w, https:\/\/solenebodard.fr\/wp-content\/uploads\/2019\/02\/DSC04695_1024-768x512.jpg 768w\" sizes=\"(max-width: 1024px) 100vw, 1024px\" \/><\/figure><div class=\"wp-block-media-text__content\">\n<p class=\"has-medium-font-size\">Nous vivons une \u00e9poque formidable d\u2019un point de vue \u00e9galit\u00e9 et \u00e9mancipation de la femme. De plus en plus de femmes occupent des fonctions de d\u00e9put\u00e9s ou d\u2019administrateur d\u2019entreprise. Le sport f\u00e9minin se d\u00e9mocratise et se m\u00e9diatise au travers du football et du handball notamment. N\u00e9anmoins derri\u00e8res ses \u00e9quipes f\u00e9minines il y a peu de femmes pour les entrainer et les guider.<\/p>\n\n\n\n<p class=\"has-medium-font-size\">L\u2019expertise est souvent le domaine de l\u2019homme. Je veux changer cela en montrant \u00e0 travers mon blog qu\u2019un entraineur ou un pr\u00e9parateur sportif peut \u00eatre autant une femme qu\u2019un homme. Je vais donc essayer de d\u00e9crire au mieux mon quotidien, mes r\u00e9ussites et mes difficult\u00e9s afin de faire \u00e9voluer les mentalit\u00e9s et donner aux autres femmes l\u2019envie de se battre.<\/p>\n<\/div><\/div>\n\n\n\n<p class=\"has-medium-font-size\">J\u2019esp\u00e8re qu\u2019un jour apr\u00e8s Corine Diacre s\u00e9lectionneur de l\u2019\u00e9quipe de France de football F\u00e9minine il y a aura davantage de femmes derri\u00e8re une grande \u00e9quipe de football, aussi bien f\u00e9minine que masculine.<br><\/p>\n\n\n\n<hr class=\"wp-block-separator\"\/>\n\n\n\n<div class=\"wp-block-columns has-2-columns\">\n<div class=\"wp-block-column\">\n<h2>Karine MATHIOT<\/h2>\n\n\n\n<figure class=\"wp-block-image\"><a href=\"http:\/\/solenebodard.fr\/index.php\/karine-mathiot\/\"><img loading=\"lazy\" width=\"1024\" height=\"740\" src=\"http:\/\/solenebodard.fr\/wp-content\/uploads\/2019\/02\/km-1024x740.jpg\" alt=\"\" class=\"wp-image-77\" srcset=\"https:\/\/solenebodard.fr\/wp-content\/uploads\/2019\/02\/km.jpg 1024w, https:\/\/solenebodard.fr\/wp-content\/uploads\/2019\/02\/km-300x217.jpg 300w, https:\/\/solenebodard.fr\/wp-content\/uploads\/2019\/02\/km-768x555.jpg 768w\" sizes=\"(max-width: 1024px) 100vw, 1024px\" \/><\/a><\/figure>\n\n\n\n<p>Je me suis int\u00e9ress\u00e9 \u00e0 cette femme tr\u00e8s charismatique : Karine Mathiot entra\u00eeneur de Golf.<\/p>\n\n\n\n<p><a href=\"http:\/\/solenebodard.fr\/index.php\/karine-mathiot\/\">Lire la suite &#8230;<\/a><\/p>\n<\/div>\n\n\n\n<div class=\"wp-block-column\"><\/div>\n<\/div>\n\n\n\n<p><\/p>\n","protected":false},"excerpt":{"rendered":"<p>Nous vivons une \u00e9poque formidable d\u2019un point de vue \u00e9galit\u00e9 et \u00e9mancipation de la femme. De plus en plus de femmes occupent des fonctions de d\u00e9put\u00e9s ou d\u2019administrateur d\u2019entreprise. Le sport f\u00e9minin se d\u00e9mocratise et se m\u00e9diatise au travers du football et du handball notamment. N\u00e9anmoins derri\u00e8res ses \u00e9quipes f\u00e9minines il y a peu de [&hellip;]<\/p>\n","protected":false},"author":1,"featured_media":0,"parent":0,"menu_order":0,"comment_status":"closed","ping_status":"closed","template":"","meta":[],"_links":{"self":[{"href":"https:\/\/solenebodard.fr\/index.php\/wp-json\/wp\/v2\/pages\/42"}],"collection":[{"href":"https:\/\/solenebodard.fr\/index.php\/wp-json\/wp\/v2\/pages"}],"about":[{"href":"https:\/\/solenebodard.fr\/index.php\/wp-json\/wp\/v2\/types\/page"}],"author":[{"embeddable":true,"href":"https:\/\/solenebodard.fr\/index.php\/wp-json\/wp\/v2\/users\/1"}],"replies":[{"embeddable":true,"href":"https:\/\/solenebodard.fr\/index.php\/wp-json\/wp\/v2\/comments?post=42"}],"version-history":[{"count":14,"href":"https:\/\/solenebodard.fr\/index.php\/wp-json\/wp\/v2\/pages\/42\/revisions"}],"predecessor-version":[{"id":151,"href":"https:\/\/solenebodard.fr\/index.php\/wp-json\/wp\/v2\/pages\/42\/revisions\/151"}],"wp:attachment":[{"href":"https:\/\/solenebodard.fr\/index.php\/wp-json\/wp\/v2\/media?parent=42"}],"curies":[{"name":"wp","href":"https:\/\/api.w.org\/{rel}","templated":true}]}}