{"id":422,"date":"2019-05-01T22:38:04","date_gmt":"2019-05-01T20:38:04","guid":{"rendered":"http:\/\/solenebodard.fr\/?page_id=422"},"modified":"2019-05-02T22:19:06","modified_gmt":"2019-05-02T20:19:06","slug":"leonice-huet","status":"publish","type":"page","link":"https:\/\/solenebodard.fr\/index.php\/valoriser-de-la-place-de-la-femme-dans-le-sport\/leonice-huet\/","title":{"rendered":"L\u00e9onice HUET"},"content":{"rendered":"\n<h3>Pour ce troisi\u00e8me interview, je vous fais voyager de nouveau \u00e0 travers les sports de raquette mais cette fois, nous allons d\u00e9couvrir le Badminton. C&rsquo;est le sport de raquette le plus rapide du monde. En France les femmes repr\u00e9sentent 36% du total des licenci\u00e9s contre 64% pour les hommes en 2018\/2019. La participation des femmes dans ce sport est sensiblement plus \u00e9lev\u00e9e que dans les autres sports de raquette. Le badminton a fait son entr\u00e9e aux Jeux Olympiques d&rsquo;\u00e9t\u00e9 en 1992. <\/h3>\n\n\n\n<h5>J\u2019ai fait la connaissance d\u2019une m\u00e9daill\u00e9e olympique\nqui se pr\u00e9nomme L\u00e9onice HUET.<\/h5>\n\n\n\n<h5>L\u00e9onice HUET est n\u00e9e le 21 mai 2000 \u00e0 Dieppe, c\u2019est\nune joueuse fran\u00e7aise de badminton.<\/h5>\n\n\n\n<h5>Elle est championne de France de badminton et m\u00e9daill\u00e9e\nd&rsquo;argent par \u00e9quipe aux Jeux olympiques de la jeunesse de Buenos Aires en 2018.<\/h5>\n\n\n\n<h4>L\u00e9onice,\nparle-moi un peu de ton parcours, Pourquoi as-tu choisis le Badminton ?<\/h4>\n\n\n\n<blockquote class=\"wp-block-quote\"><p>J\u2019ai fait 3 ans en p\u00f4le espoir, de la quatri\u00e8me \u00e0 la seconde en tant qu\u2019interne \u00e0 Bourges. Ensuite je suis partie \u00e0 Talence au p\u00f4le France o\u00f9 j\u2019y suis rest\u00e9e 1 an, j\u2019\u00e9tais en 1<sup>\u00e8re<\/sup> ES. Depuis septembre 2018 je suis pensionnaire au p\u00f4le France Badminton \u00e0 l\u2019INSEP (Institut National du Sport, de l&rsquo;Expertise et de la Performance) qui regroupe les meilleurs joueurs gar\u00e7ons et filles. J\u2019ai obtenu mon bac ES.<\/p><\/blockquote>\n\n\n\n<blockquote class=\"wp-block-quote\"><p>Avant de tomber dans le badminton je faisais du volley. J\u2019\u00e9tais d\u00e9j\u00e0 tr\u00e8s comp\u00e9titrice. J\u2019ai voulu arr\u00eater car on perdait trop souvent nos matchs et le cot\u00e9 collectif ne me convenait plus.<\/p><\/blockquote>\n\n\n\n<blockquote class=\"wp-block-quote\"><p>Ensuite, j\u2019ai fait un an d\u2019\u00e9quitation, grosse erreur car j\u2019\u00e9tais de plus en plus insupportable avec mes parents. Pour la simple et bonne raison que je ne me d\u00e9pensais pas, j\u2019avais toujours autant d\u2019\u00e9nergie. Tout \u00e7a pour dire que c\u2019est une amie de l\u2019\u00e9poque qui m\u2019avait propos\u00e9 d\u2019essayer le Badminton, parce qu\u2019elle voyait bien que j\u2019avais besoin d\u2019un sport o\u00f9 je serai \u00e9puis\u00e9e \u00e0 la fin d\u2019une s\u00e9ance. Finalement, elle a eu raison.<\/p><\/blockquote>\n\n\n\n<div class=\"wp-block-image\"><figure class=\"aligncenter\"><img loading=\"lazy\" width=\"1000\" height=\"1000\" src=\"http:\/\/solenebodard.fr\/wp-content\/uploads\/2019\/05\/IMG-2388.jpg\" alt=\"\" class=\"wp-image-426\" srcset=\"https:\/\/solenebodard.fr\/wp-content\/uploads\/2019\/05\/IMG-2388.jpg 1000w, https:\/\/solenebodard.fr\/wp-content\/uploads\/2019\/05\/IMG-2388-150x150.jpg 150w, https:\/\/solenebodard.fr\/wp-content\/uploads\/2019\/05\/IMG-2388-300x300.jpg 300w, https:\/\/solenebodard.fr\/wp-content\/uploads\/2019\/05\/IMG-2388-768x768.jpg 768w\" sizes=\"(max-width: 1000px) 100vw, 1000px\" \/><\/figure><\/div>\n\n\n\n<h4>En tant que femme, que penses-tu pouvoir apporter au\nsport au badminton ?<\/h4>\n\n\n\n<blockquote class=\"wp-block-quote\"><p>Qu\u2019on change d\u2019avis sur le projet du simple dame en France. On est loin d\u2019\u00eatre une cause perdue je pense qu\u2019il faut juste y croire. Qu\u2019on est tout \u00e0 fait capable de ramener nous aussi des m\u00e9dailles, il faut juste nous donner les bonnes cl\u00e9s pour qu\u2019on s\u2019exprime. Ce que je peux leur apporter (et j\u2019esp\u00e8re y arriver) c\u2019est d\u2019avoir eu confiance en moi, en une femme.<\/p><\/blockquote>\n\n\n\n<h4>L\u00e9onice, parle-moi un peu de ton quotidien de sportive professionnelle\u00a0?<\/h4>\n\n\n\n<blockquote class=\"wp-block-quote\"><p>Une journ\u00e9e classique ce serait deux entrainements par jour, avec musculation l\u2019apr\u00e8s midi. Sinon les autres jours on remplace la musculation par du footwork ou de la technique, tout d\u00e9pend du planning de comp\u00e9tition.<\/p><\/blockquote>\n\n\n\n<h4>Comment souhaiterai-tu que le sport f\u00e9minin \u00e9volue ?\nComment penses-tu que le sport f\u00e9minin va \u00e9voluer&nbsp;?<\/h4>\n\n\n\n<blockquote class=\"wp-block-quote\"><p>Qu\u2019on soit dans l\u2019\u00e9galit\u00e9 par rapport aux hommes, qu\u2019on soit un peu plus reconnue par le travail que nous fournissons. <br> Je pense qu\u2019on ne peut faire que progresser de toute mani\u00e8re, donc ce serait plus de notori\u00e9t\u00e9. Que dans le badminton, le clich\u00e9 du sport de plage s\u2019en aille peu \u00e0 peu, qu\u2019on soit un peu plus m\u00e9diatis\u00e9 pour enlever cette image.<\/p><\/blockquote>\n\n\n\n<div class=\"wp-block-image\"><figure class=\"aligncenter\"><img loading=\"lazy\" width=\"1024\" height=\"682\" src=\"http:\/\/solenebodard.fr\/wp-content\/uploads\/2019\/05\/IMG-2387-1024x682.jpg\" alt=\"\" class=\"wp-image-425\" srcset=\"https:\/\/solenebodard.fr\/wp-content\/uploads\/2019\/05\/IMG-2387-1024x682.jpg 1024w, https:\/\/solenebodard.fr\/wp-content\/uploads\/2019\/05\/IMG-2387-300x200.jpg 300w, https:\/\/solenebodard.fr\/wp-content\/uploads\/2019\/05\/IMG-2387-768x512.jpg 768w, https:\/\/solenebodard.fr\/wp-content\/uploads\/2019\/05\/IMG-2387.jpg 1823w\" sizes=\"(max-width: 1024px) 100vw, 1024px\" \/><\/figure><\/div>\n\n\n\n<h4>D\u2019apr\u00e8s toi, quelles sont les qualit\u00e9s n\u00e9cessaires pour\n\u00eatre une bonne sportive de haut niveau ?<\/h4>\n\n\n\n<blockquote class=\"wp-block-quote\"><p>Le mental en premier. Parce qu\u2019il faut vraiment \u00eatre plus fort que son corps pour y arriver et toujours avoir de la motivation pour ce qu\u2019on fait car je pense que c\u2019est le plus important. Apr\u00e8s le reste suivra si on s\u2019en donne les moyens. Se challenger, se donner des objectifs, \u00eatre une morte de faim, en vouloir toujours plus. S\u2019entourer des bonnes personnes, celles qui nous font avancer. L\u2019environnement dans lequel on est n\u2019est pas \u00e0 n\u00e9gliger car c\u2019est l\u00e0 o\u00f9 on s\u2019entra\u00eene, la o\u00f9 on vie en g\u00e9n\u00e9ral.<\/p><\/blockquote>\n\n\n\n<h4>L\u00e9onice, est-ce que tu arrives \u00e0 vivre du\nBadminton&nbsp;?<\/h4>\n\n\n\n<blockquote class=\"wp-block-quote\"><p>Dans mon entourage, je ne connais personne qui vie r\u00e9ellement du Badminton, c\u2019est tr\u00e8s dur d\u2019y arriver. Il faut \u00eatre dans les meilleurs mondiaux pour y parvenir et encore.<\/p><\/blockquote>\n\n\n\n<div class=\"wp-block-image\"><figure class=\"aligncenter\"><img loading=\"lazy\" width=\"926\" height=\"600\" src=\"http:\/\/solenebodard.fr\/wp-content\/uploads\/2019\/05\/IMG-2386.jpg\" alt=\"\" class=\"wp-image-424\" srcset=\"https:\/\/solenebodard.fr\/wp-content\/uploads\/2019\/05\/IMG-2386.jpg 926w, https:\/\/solenebodard.fr\/wp-content\/uploads\/2019\/05\/IMG-2386-300x194.jpg 300w, https:\/\/solenebodard.fr\/wp-content\/uploads\/2019\/05\/IMG-2386-768x498.jpg 768w\" sizes=\"(max-width: 926px) 100vw, 926px\" \/><\/figure><\/div>\n\n\n\n<h4>Quel message pourrai-tu adresser aux jeunes filles qui\nsouhaiteraient s\u2019orienter vers le badminton ?<\/h4>\n\n\n\n<blockquote class=\"wp-block-quote\"><p>Je leur dirai qu\u2019il faut montrer de quoi les femmes sont capables. Je pense que cette phrase r\u00e9sume assez bien ce que je pense. Mais garder tout de m\u00eame un pied sur terre au cas o\u00f9 \u00e7a ne se passerai pas comme pr\u00e9vu, a savoir les \u00e9tudes. Sinon qui ne tente rien n\u2019a rien.<\/p><\/blockquote>\n\n\n\n<div class=\"wp-block-image\"><figure class=\"aligncenter\"><img loading=\"lazy\" width=\"1024\" height=\"712\" src=\"http:\/\/solenebodard.fr\/wp-content\/uploads\/2019\/05\/IMG-2389-1024x712.jpg\" alt=\"\" class=\"wp-image-427\" srcset=\"https:\/\/solenebodard.fr\/wp-content\/uploads\/2019\/05\/IMG-2389-1024x712.jpg 1024w, https:\/\/solenebodard.fr\/wp-content\/uploads\/2019\/05\/IMG-2389-300x209.jpg 300w, https:\/\/solenebodard.fr\/wp-content\/uploads\/2019\/05\/IMG-2389-768x534.jpg 768w\" sizes=\"(max-width: 1024px) 100vw, 1024px\" \/><\/figure><\/div>\n","protected":false},"excerpt":{"rendered":"<p>Pour ce troisi\u00e8me interview, je vous fais voyager de nouveau \u00e0 travers les sports de raquette mais cette fois, nous allons d\u00e9couvrir le Badminton. C&rsquo;est le sport de raquette le plus rapide du monde. En France les femmes repr\u00e9sentent 36% du total des licenci\u00e9s contre 64% pour les hommes en 2018\/2019. La participation des femmes [&hellip;]<\/p>\n","protected":false},"author":1,"featured_media":428,"parent":42,"menu_order":0,"comment_status":"closed","ping_status":"closed","template":"","meta":[],"_links":{"self":[{"href":"https:\/\/solenebodard.fr\/index.php\/wp-json\/wp\/v2\/pages\/422"}],"collection":[{"href":"https:\/\/solenebodard.fr\/index.php\/wp-json\/wp\/v2\/pages"}],"about":[{"href":"https:\/\/solenebodard.fr\/index.php\/wp-json\/wp\/v2\/types\/page"}],"author":[{"embeddable":true,"href":"https:\/\/solenebodard.fr\/index.php\/wp-json\/wp\/v2\/users\/1"}],"replies":[{"embeddable":true,"href":"https:\/\/solenebodard.fr\/index.php\/wp-json\/wp\/v2\/comments?post=422"}],"version-history":[{"count":2,"href":"https:\/\/solenebodard.fr\/index.php\/wp-json\/wp\/v2\/pages\/422\/revisions"}],"predecessor-version":[{"id":431,"href":"https:\/\/solenebodard.fr\/index.php\/wp-json\/wp\/v2\/pages\/422\/revisions\/431"}],"up":[{"embeddable":true,"href":"https:\/\/solenebodard.fr\/index.php\/wp-json\/wp\/v2\/pages\/42"}],"wp:featuredmedia":[{"embeddable":true,"href":"https:\/\/solenebodard.fr\/index.php\/wp-json\/wp\/v2\/media\/428"}],"wp:attachment":[{"href":"https:\/\/solenebodard.fr\/index.php\/wp-json\/wp\/v2\/media?parent=422"}],"curies":[{"name":"wp","href":"https:\/\/api.w.org\/{rel}","templated":true}]}}