{"id":433,"date":"2019-05-27T22:10:06","date_gmt":"2019-05-27T20:10:06","guid":{"rendered":"http:\/\/solenebodard.fr\/?page_id=433"},"modified":"2019-06-03T23:28:01","modified_gmt":"2019-06-03T21:28:01","slug":"thelia-sigere","status":"publish","type":"page","link":"https:\/\/solenebodard.fr\/index.php\/valoriser-de-la-place-de-la-femme-dans-le-sport\/thelia-sigere\/","title":{"rendered":"Th\u00e9lia SIGERE"},"content":{"rendered":"\n<h3>Direction mon sport favori, l\u2019athl\u00e9tisme. Vous allez d\u00e9couvrir Th\u00e9lia Sig\u00e8re n\u00e9e le 3 juin 1985 \u00e0 Fort de France, c\u2019est une ancienne athl\u00e8te professionnelle, sp\u00e9cialiste du sprint, elle f\u00fbt un pilier du relais 4x400m de l\u2019\u00e9quipe de France d\u2019athl\u00e9tisme. Passionn\u00e9e par le sport et le bien-\u00eatre, Th\u00e9lia a d\u00e9cid\u00e9 de transmettre.<\/h3>\n\n\n\n<h4><strong>Th\u00e9lia, Quel est ton parcours ? <\/strong><\/h4>\n\n\n\n<blockquote class=\"wp-block-quote\"><p>  Je suis une ancienne athl\u00e8te sp\u00e9cialiste du 400m. J\u2019ai fait du haut niveau pendant une dizaine d\u2019ann\u00e9es. J\u2019ai int\u00e9gr\u00e9 l\u2019INSEP en 2006 jusqu\u2019en 2010 o\u00f9 j\u2019ai obtenu un master en management du sport. En 2010, je suis partie en Angleterre pour sortir de ma \u00ab&nbsp;routine fran\u00e7aise&nbsp;\u00bb. L\u00e0 bas, je profite de mon exp\u00e9rience sportive pour passer un certificat de coach personnel que j\u2019obtiens. Apr\u00e8s 2 ans, de retour en France, j&rsquo;entra\u00eene des jeunes en FSGT (F\u00e9d\u00e9ration Sportive Gymnique du Travail) pendant 2 ans. Aujourd&rsquo;hui je vis \u00e0 Lyon o\u00f9 je partage mon temps professionnel entre mon travail chez Nike entreprise et le coaching sportif en entreprise et pour particuliers. <\/p><\/blockquote>\n\n\n\n<h4><strong>Pourquoi as-tu choisi de t\u2019orienter vers le m\u00e9tier du sport ?<\/strong><\/h4>\n\n\n\n<blockquote class=\"wp-block-quote\"><p>  Si je me suis orient\u00e9e vers un m\u00e9tier du sport c\u2019est tout simplement que le sport a toujours fait partie de ma vie et ce, depuis mon plus jeune \u00e2ge. Le sport a d&rsquo;abord \u00e9t\u00e9 un exutoire&nbsp;: apr\u00e8s l\u2019\u00e9cole, l\u2019entra\u00eenement me permettait de me d\u00e9fouler. C&rsquo;est ensuite devenu une passion&nbsp;: le sport m&rsquo;a permis de voyager gr\u00e2ce \u00e0 mes r\u00e9sultats. Cette passion a \u00e9volu\u00e9 en gagne pain&nbsp;; en effet mes premiers salaires proviennent du sport. Par ailleurs, le haut niveau, ses bons c\u00f4t\u00e9s (performances, s\u00e9lections, voyages\u2026) et ses moins bons (blessures, \u00e9checs\u2026) ont d\u00e9velopp\u00e9 ma connaissance du milieu aussi bien environnemental que physique.<br>Toutes ces exp\u00e9riences font que ma vie converge vers le domaine sportif <\/p><\/blockquote>\n\n\n\n<div class=\"wp-block-image\"><figure class=\"aligncenter is-resized\"><img loading=\"lazy\" src=\"http:\/\/solenebodard.fr\/wp-content\/uploads\/2019\/05\/Th\u00e9lia-Sig\u00e8re-683x1024.jpg\" alt=\"\" class=\"wp-image-435\" width=\"342\" height=\"512\" srcset=\"https:\/\/solenebodard.fr\/wp-content\/uploads\/2019\/05\/Th\u00e9lia-Sig\u00e8re-683x1024.jpg 683w, https:\/\/solenebodard.fr\/wp-content\/uploads\/2019\/05\/Th\u00e9lia-Sig\u00e8re-200x300.jpg 200w, https:\/\/solenebodard.fr\/wp-content\/uploads\/2019\/05\/Th\u00e9lia-Sig\u00e8re-768x1152.jpg 768w, https:\/\/solenebodard.fr\/wp-content\/uploads\/2019\/05\/Th\u00e9lia-Sig\u00e8re.jpg 864w\" sizes=\"(max-width: 342px) 100vw, 342px\" \/><\/figure><\/div>\n\n\n\n<h4><strong>En tant que femme, que penses-tu apporter \u00e0 l\u2019emploi sportif ?<\/strong><\/h4>\n\n\n\n<blockquote class=\"wp-block-quote\"><p> Cette question est en rapport direct avec la question 2. En tant que femme, je pense tout d\u2019abord apporter mon savoir-faire, mon exp\u00e9rience \u00e0 l&#8217;emploi sportif. Mais de mani\u00e8re plus g\u00e9n\u00e9rale, pouvoir donner une vision diff\u00e9rente de celle des hommes qui ont plus souvent une approche plus stricte et cat\u00e9gorique de la pratique. Les femmes, pas forc\u00e9ment plus douce ou maniable, apportent \u00ab&nbsp;un \u0153il neuf&nbsp;\u00bb en abordant les choses (un peu) diff\u00e9remment pour obtenir des r\u00e9sultats coh\u00e9rents. Ce qui n&#8217;emp\u00eache pas les approches d\u2019\u00eatre compl\u00e9mentaire et donc les hommes et les femmes de partager leurs points de vue dans un objectif commun <\/p><\/blockquote>\n\n\n\n<h4><strong>En tant que pr\u00e9parateur physique et coach sportif, penses-tu avoir une approche \/ une analyse diff\u00e9rente qu\u2019un hommes lors de tes entrainements ?<\/strong><\/h4>\n\n\n\n<blockquote class=\"wp-block-quote\"><p> Pour un pr\u00e9parateur physique et coach sportif femme, l\u2019approche peut \u00eatre diff\u00e9rente de celle d\u2019un homme mais pas forc\u00e9ment l\u2019analyse. En effet, bien souvent l\u2019analyse est identique&nbsp;: les probl\u00e8mes, les causes sont identifi\u00e9es. C&rsquo;est la strat\u00e9gie employ\u00e9e qui diff\u00e8re, la fa\u00e7on d\u2019aborder les choses pour arriver aux r\u00e9sultats escompt\u00e9s. <\/p><\/blockquote>\n\n\n\n<h4><strong>Th\u00e9lia, Que dirai-tu \u00e0 des jeunes femmes qui souhaiteraient s\u2019orienter vers ces m\u00e9tiers ?<\/strong><\/h4>\n\n\n\n<blockquote class=\"wp-block-quote\"><p> La premi\u00e8re chose que je dirais aux jeunes femmes qui souhaiteraient \u00e9voluer dans les m\u00e9tiers du sport est de s&rsquo;accrocher. Dans ce milieu plut\u00f4t machiste, il est facile de perdre pied et d\u2019abandonner parce qu\u2019on perd confiance en soi. Les femmes, jug\u00e9es sexe faible, n\u2019arrivent pas en terrain conquis et doivent prouver leurs qualit\u00e9s, leurs valeurs, leur savoir-faire voire tout simplement leur envie de r\u00e9ussir. Nous devons tous les jours montrer\u2026prouver que nous avons notre place dans un milieu souvent dirig\u00e9 par les hommes. Mais, heureusement, aujourd\u2019hui, les choses \u00e9voluent et nous commen\u00e7ons \u00e0 voir des femmes qui imposent leurs id\u00e9es, dirigent des clubs, associations, entreprises et autres. <br>En esp\u00e9rant que, \u00e0 l&rsquo;avenir, la femme sera l\u2019\u00e9gale de l&rsquo;homme et qu\u2019elle sera tout autant consid\u00e9r\u00e9e <\/p><\/blockquote>\n","protected":false},"excerpt":{"rendered":"<p>Direction mon sport favori, l\u2019athl\u00e9tisme. Vous allez d\u00e9couvrir Th\u00e9lia Sig\u00e8re n\u00e9e le 3 juin 1985 \u00e0 Fort de France, c\u2019est une ancienne athl\u00e8te professionnelle, sp\u00e9cialiste du sprint, elle f\u00fbt un pilier du relais 4x400m de l\u2019\u00e9quipe de France d\u2019athl\u00e9tisme. Passionn\u00e9e par le sport et le bien-\u00eatre, Th\u00e9lia a d\u00e9cid\u00e9 de transmettre. Th\u00e9lia, Quel est ton [&hellip;]<\/p>\n","protected":false},"author":1,"featured_media":434,"parent":42,"menu_order":0,"comment_status":"closed","ping_status":"closed","template":"","meta":[],"_links":{"self":[{"href":"https:\/\/solenebodard.fr\/index.php\/wp-json\/wp\/v2\/pages\/433"}],"collection":[{"href":"https:\/\/solenebodard.fr\/index.php\/wp-json\/wp\/v2\/pages"}],"about":[{"href":"https:\/\/solenebodard.fr\/index.php\/wp-json\/wp\/v2\/types\/page"}],"author":[{"embeddable":true,"href":"https:\/\/solenebodard.fr\/index.php\/wp-json\/wp\/v2\/users\/1"}],"replies":[{"embeddable":true,"href":"https:\/\/solenebodard.fr\/index.php\/wp-json\/wp\/v2\/comments?post=433"}],"version-history":[{"count":2,"href":"https:\/\/solenebodard.fr\/index.php\/wp-json\/wp\/v2\/pages\/433\/revisions"}],"predecessor-version":[{"id":466,"href":"https:\/\/solenebodard.fr\/index.php\/wp-json\/wp\/v2\/pages\/433\/revisions\/466"}],"up":[{"embeddable":true,"href":"https:\/\/solenebodard.fr\/index.php\/wp-json\/wp\/v2\/pages\/42"}],"wp:featuredmedia":[{"embeddable":true,"href":"https:\/\/solenebodard.fr\/index.php\/wp-json\/wp\/v2\/media\/434"}],"wp:attachment":[{"href":"https:\/\/solenebodard.fr\/index.php\/wp-json\/wp\/v2\/media?parent=433"}],"curies":[{"name":"wp","href":"https:\/\/api.w.org\/{rel}","templated":true}]}}