{"id":439,"date":"2019-06-03T22:55:08","date_gmt":"2019-06-03T20:55:08","guid":{"rendered":"http:\/\/solenebodard.fr\/?page_id=439"},"modified":"2019-06-04T22:07:01","modified_gmt":"2019-06-04T20:07:01","slug":"maeva-clemaron","status":"publish","type":"page","link":"https:\/\/solenebodard.fr\/index.php\/valoriser-de-la-place-de-la-femme-dans-le-sport\/maeva-clemaron\/","title":{"rendered":"Maeva CLEMARON"},"content":{"rendered":"\n<p><em>cr\u00e9dit photo <a href=\"http:\/\/www.iconsport.fr\/\">iconsport<\/a><\/em><\/p>\n\n\n\n<p><a href=\"https:\/\/www.instagram.com\/maevaclemaron\/\">https:\/\/www.instagram.com\/maevaclemaron\/<\/a><\/p>\n\n\n\n<h4>La coupe du monde de football f\u00e9minine tant attendue surtout\npour nous les Fran\u00e7ais car elle est organis\u00e9e pour la premi\u00e8re fois \u00e0 domicile.\nUn rendez-vous qui s\u2019annonce riche en \u00e9motions. &nbsp;Un \u00e9v\u00e8nement qui j\u2019esp\u00e8re permettra au\nfootball f\u00e9minin d\u2019\u00e9voluer encore plus.<\/h4>\n\n\n\n<p>A quelques jours du coup d\u2019envoi de la coupe du monde, j\u2019ai l\u2019immense plaisir de vous pr\u00e9senter l\u2019une des 23 joueuses s\u00e9lectionn\u00e9es par Corine Diacre&nbsp;Ma\u00e9va Cl\u00e9maron, une jeune femme au parcours atypique qui exerce le m\u00e9tier d\u2019architecte en parall\u00e8le de sa carri\u00e8re de joueuse professionnelle.<\/p>\n\n\n\n<p>Ma\u00e9va est n\u00e9e le 10 novembre 1992 \u00e0 Vienne en Is\u00e8re. Elle joue\nactuellement pour le Football Club Fleury 91 C\u0153ur d&rsquo;Essonne o\u00f9 elle \u00e9volue au\nposte de milieu de terrain et elle compte 3 s\u00e9lections en \u00e9quipe de France A.<\/p>\n\n\n\n<p>J\u2019ai eu l\u2019occasion de c\u00f4toyer Ma\u00e9va, jeune femme pleine de\nvie et qui sait d\u00e9j\u00e0 ce qu\u2019elle veut. C\u2019est une personne simple, humble,\nsympathique, respectueuse et qui a des valeurs. Elle a eu la gentillesse de\nsoutenir mon projet Sport et Femme afin de supporter et encourager toutes les\njeunes filles et femmes \u00e0 se lancer dans le sport et les m\u00e9tiers du sport. Un\ngrand merci \u00e0 elle.<\/p>\n\n\n\n<figure class=\"wp-block-embed-youtube aligncenter wp-block-embed is-type-video is-provider-youtube wp-embed-aspect-16-9 wp-has-aspect-ratio\"><div class=\"wp-block-embed__wrapper\">\n<iframe width=\"600\" height=\"338\" src=\"https:\/\/www.youtube.com\/embed\/7v0pe4sA0qc?feature=oembed\" frameborder=\"0\" allow=\"accelerometer; autoplay; encrypted-media; gyroscope; picture-in-picture\" allowfullscreen><\/iframe>\n<\/div><figcaption>Interview r\u00e9alis\u00e9 apr\u00e8s le match Fleury &#8211; Bordeaux le 10 mars 2019<\/figcaption><\/figure>\n\n\n\n<h4><strong>Ma\u00e9va, peux-tu me parler de ton parcours et comment tu t\u2019es orient\u00e9e vers le football&nbsp;?<\/strong><\/h4>\n\n\n\n<blockquote class=\"wp-block-quote\"><p> Etant petite, je jouais au football avec les gar\u00e7ons dans la cour de r\u00e9cr\u00e9. Je n\u2019\u00e9tais pas le genre de petite fille qui aimait jouer \u00e0 la marelle etc.., bien que cela aurait pu \u00eatre le cas en jouant au football aussi, l\u2019un n\u2019aurait pas emp\u00each\u00e9 l\u2019autre mais je pr\u00e9f\u00e9rai jouer au football dans la cour.  <br>J\u2019ai commenc\u00e9 par le judo mais je n\u2019ai pas trop accroch\u00e9. Jouant r\u00e9guli\u00e8rement avec mes potes, ils m\u2019ont orient\u00e9e vers ce sport. Mes potes m\u2019ont pouss\u00e9e \u00e0 prendre une licence et c\u2019est comme \u00e7a que j\u2019ai commenc\u00e9 le football en club. <\/p><p>Mon p\u00e8re a toujours \u00e9t\u00e9 tr\u00e8s footeux, il a jou\u00e9 pendant longtemps et cela m\u2019a motiv\u00e9e car il m\u2019a toujours suivie et pouss\u00e9e vers cette voie.<br> Au niveau de mon parcours scolaire, j\u2019ai suivi un cursus normal, primaire, coll\u00e8ge. J\u2019ai jou\u00e9 au football en club avec les gar\u00e7ons jusqu\u2019en moins de 13 ans. Ensuite j\u2019ai int\u00e9gr\u00e9 le sport \u00e9tude de Lyon \u00e0 l\u2019Olympique Lyonnais pour ma premi\u00e8re ann\u00e9e chez les filles car je ne pouvais plus jouer avec les gar\u00e7ons. A l\u2019OL j\u2019ai int\u00e9gr\u00e9 une classe de seconde. Ensuite, je suis partie \u00e0 Saint Etienne car il y avait un projet int\u00e9ressant sur l\u2019aspect football et scolaire. L\u00e0-bas, j\u2019ai int\u00e9gr\u00e9 une fili\u00e8re scientifique en premi\u00e8re car j\u2019avais l\u2019id\u00e9e d\u2019aller en \u00e9cole d\u2019architecture parce que j\u2019ai toujours aim\u00e9 dessiner et un peu na\u00efvement, j\u2019ai choisi l\u2019architecture. Ensuite je suis partie en fili\u00e8re S car on m\u2019avait dit qu\u2019il fallait passer par l\u00e0 alors que pour int\u00e9grer une \u00e9cole d\u2019architecture, on pouvait tr\u00e8s bien passer n\u2019importe quel bac g\u00e9n\u00e9ral.<br> Enfin, j\u2019ai fait mon \u00e9cole d\u2019architecture \u00e0 Saint Etienne en parall\u00e8le du football en jouant \u00e0 L\u2019ASSE.<\/p><\/blockquote>\n\n\n\n<h4>En tant que femme, que penses-tu apporter au football ?<\/h4>\n\n\n\n<blockquote class=\"wp-block-quote\"><p>En tant que femme, j\u2019essaye de montrer que les valeurs de ce sport sont les m\u00eames : la motivation et l\u2019\u00e9tat d\u2019esprit sont les m\u00eames. Que finalement le football peut \u00eatre nourri autant par un homme que par une femme. <br> De mon c\u00f4t\u00e9, je ne me suis jamais orient\u00e9e dans les m\u00e9tiers du sport tels que les dipl\u00f4mes de coach. J\u2019ai beaucoup de respect pour toutes les filles qui jouent au football et qui se dirigent vers ces m\u00e9tiers afin de faire profiter de leur exp\u00e9rience de sportive aupr\u00e8s des plus jeunes \u00ab les petites filles ou les petits gars \u00bb. <br> J\u2019essaie d\u2019apporter ma mentalit\u00e9 \u00e0 tous ceux qui observent le football f\u00e9minin pour qu\u2019ils se disent que le football f\u00e9minin (m\u00eame si pour moi, il n\u2019y a pas de football f\u00e9minin) car \u00e7a reste du football. Comme \u00e7a toutes les personnes qui sont r\u00e9ticentes, se diront que finalement, tout le monde a sa place dans ce sport.<\/p><\/blockquote>\n\n\n\n<figure class=\"wp-block-image\"><img loading=\"lazy\" width=\"1024\" height=\"684\" src=\"http:\/\/solenebodard.fr\/wp-content\/uploads\/2019\/06\/DSC06748-1024x684.jpg\" alt=\"\" class=\"wp-image-448\" srcset=\"https:\/\/solenebodard.fr\/wp-content\/uploads\/2019\/06\/DSC06748-1024x684.jpg 1024w, https:\/\/solenebodard.fr\/wp-content\/uploads\/2019\/06\/DSC06748-300x200.jpg 300w, https:\/\/solenebodard.fr\/wp-content\/uploads\/2019\/06\/DSC06748-768x513.jpg 768w\" sizes=\"(max-width: 1024px) 100vw, 1024px\" \/><\/figure>\n\n\n\n<h4>Quel est le quotidien d\u2019une joueuse professionnelle ?<\/h4>\n\n\n\n<blockquote class=\"wp-block-quote\"><p>Dans mon quotidien, je suis plut\u00f4t quelqu\u2019un de simple, j\u2019aime faire des choses simples hors foot ; apr\u00e8s c\u2019est vrai que de fa\u00e7on g\u00e9n\u00e9rale, on a entrainement quasiment tous les jours, sachant qu\u2019il y a deux jours dans la semaine o\u00f9 \u00e0 Fleury on \u00ab double \u00bb car le matin on a musculation et l\u2019apr\u00e8s-midi on s\u2019entraine. Ensuite le vendredi souvent on part en d\u00e9placement, une semaine sur deux et le samedi on a match. Le dimanche est un jour off, donc on en profite pour r\u00e9cup\u00e9rer. <br> Moi j\u2019aime bien de fa\u00e7on g\u00e9n\u00e9rale quand j\u2019ai du temps pour faire des choses simples c\u2019est-\u00e0-dire bouger avec mes amis, d\u00e9couvrir des nouvelles choses, des endroits comme Paris et ses mus\u00e9es. J\u2019aime sillonner des coins sympathiques o\u00f9 on peut faire un peu de photos, je n\u2019en fais pas assez, parce que j\u2019ai foot tout le temps. C\u2019est compliqu\u00e9 de se d\u00e9gager du temps pour beaucoup d\u2019autres choses qui nous int\u00e9ressent m\u00eame si on essaie quand m\u00eame de le faire au maximum. Ce n\u2019est pas une remarque n\u00e9gative, je suis ravie d\u2019avoir la chance aujourd\u2019hui de pouvoir jouer au football en exer\u00e7ant en parall\u00e8le mon m\u00e9tier d\u2019architecte. Je ne me plaindrai absolument pas car pour moi c\u2019est une chance de pouvoir pratiquer ces deux m\u00e9tiers qui me passionnent.<\/p><\/blockquote>\n\n\n\n<h4>Ma\u00e9va, comment souhaiterais-tu que le football f\u00e9minin \u00e9volue ? et comment penses-tu que le football f\u00e9minin va \u00e9voluer ?<\/h4>\n\n\n\n<blockquote class=\"wp-block-quote\"><p>Moi j\u2019aimerai bien que le football f\u00e9minin continue d\u2019\u00e9voluer comme il est en train de le faire tout simplement, parce qu\u2019actuellement, il est en plein essor. On le voit bien, il y a de plus en plus de petites filles qui s\u2019inscrivent et de plus en plus de personnes qui suivent le football f\u00e9minin. On peut voir aussi un grand nombre de personnes qui pouvaient \u00eatre r\u00e9ticentes par rapport \u00e0 cette discipline pour les femmes qui \u00e9volue, qui change de mentalit\u00e9 donc c\u2019est positif. <br> J\u2019aimerai vraiment que \u00e7a continue et je pense qu\u2019il n\u2019y a pas de raison pour que \u00e7a ne continue pas d\u2019\u00e9voluer. Il faut que les femmes, les jeunes femmes, les petites filles ne se posent plus de questions, si elles ont envie de pratiquer ce sport, qu\u2019elles foncent. Il faut qu\u2019elles se disent qu\u2019elles ont pleinement leur place et le droit d\u2019exercer cette discipline. <br> Il est aussi important que les personnes qui encadrent le football soient aussi de plus en plus des femmes et qu\u2019il y ait aussi de plus en plus d\u2019hommes qui aient une mentalit\u00e9 qui soit celle qu\u2019on doit avoir en 2019, c\u2019est-\u00e0-dire l\u2019ouverture d\u2019esprit qui laisse place \u00e0 tout le monde, qui admet et reconnait que cette discipline peut \u00eatre aussi pratiqu\u00e9e par des femmes. <br> Je pense qu\u2019il ne faut pas comparer et il n\u2019y a m\u00eame pas \u00e0 comparer, juste se dire que c\u2019est un seul football. <br> On doit prendre conscience que le fait que ce soit pratiqu\u00e9 par les femmes, on ne pourra jamais avoir la m\u00eame attente que lorsqu\u2019on regarde un match jou\u00e9 par des hommes. Ce que je veux dire, c\u2019est que sur certains plans on peut avoir la m\u00eame attente, mais sur des plans athl\u00e9tiques, ce sont des choses qu\u2019on ne pourra jamais chercher \u00e0 comparer car pour moi on ne sera jamais l\u2019\u00e9gale d\u2019un homme physiquement, physiologiquement parlant. Lorsque les gens prendront conscience de \u00e7a, et bien il n\u2019y aura m\u00eame plus de questions \u00e0 se poser. C\u2019est quelque chose qui doit devenir en fait fluide et qui devrait, je pense \u00e0 terme, sembler logique m\u00eame si \u00e7a commence \u00e0 \u00eatre le cas aujourd\u2019hui pour bon nombre de personne.  <br> Petite remarque personnelle au niveau du championnat D1 en France, je souhaite et j\u2019aimerai vraiment que ce championnat \u00e9volue, c\u2019est \u00e0 dire qu\u2019il y ait plus de structures professionnalis\u00e9es ; c\u2019est d\u00e9j\u00e0 le cas pour certains clubs, mais il faut que ce soit \u00e0 mon sens pour les 12 \u00e9quipes qui composent le championnat et plus si \u00e0 terme, il y a plus d\u2019\u00e9quipes.<\/p><\/blockquote>\n\n\n\n<h4>D\u2019apr\u00e8s toi, quelles sont les qualit\u00e9s n\u00e9cessaires pour \u00eatre une bonne sportive de haut niveau ?<\/h4>\n\n\n\n<blockquote class=\"wp-block-quote\"><p>Je pense que c\u2019est beaucoup de rigueur dans son travail au quotidien, de toujours essayer de se surpasser, toujours aller chercher une progression et pour \u00e7a, il faut savoir se remettre en question. De mon c\u00f4t\u00e9, je pars du principe que si on a plus \u00e0 se remettre en question, c\u2019est qu\u2019on consid\u00e8re qu\u2019on ne veut plus progresser. <br> Je pense que la remise en question va avec la progression, il y a toujours des axes d\u2019am\u00e9lioration \u00e0 travailler pour n\u2019importe quelle joueuse m\u00eame pour la meilleure joueuse du monde car pour moi elle aura toujours des petits d\u00e9tails o\u00f9 des points sur lesquels il faudra qu\u2019elle continue de travailler. <br> A un peu plus bas niveau, par exemple le mien \u00ab je ne suis pas la meilleure joueuse du monde \u00bb donc j\u2019aurai aussi beaucoup de remise en question. <\/p><p>Parfois, il faut aussi se satisfaire de certaines choses c\u2019est s\u00fbr, mais ne pas oublier cette id\u00e9e de remise en question surtout dans un groupe car dans un sport collectif, c\u2019est important parce que si chacune le fait, alors l\u2019\u00e9quipe sera que meilleure et le groupe sera que plus performant. <br> Apr\u00e8s les qualit\u00e9s, je pense que l\u2019essentiel, en tout cas pour moi, c\u2019est qu\u2019il faut rester humble et quoi qu\u2019il arrive, il faut toujours garder les pieds sur terre ; lorsqu\u2019on regarde les carri\u00e8res des sportives ou sportifs qui sont bien plus importante que les n\u00f4tres, finalement, on peut se satisfaire de certaines choses mais ne pas croire qu\u2019on est arriv\u00e9. M\u00eame ceux qui ont une grande carri\u00e8re ne consid\u00e8rent pas forc\u00e9ment qu\u2019ils sont arriv\u00e9s donc il n\u2019y a pas de raison que nous, en tout cas moi, je me consid\u00e8re d\u2019\u00eatre arriv\u00e9e donc il faut rester humble.<br> Je pense aussi qu\u2019il faut \u00eatre pers\u00e9v\u00e9rant, avoir une force mentale, avoir le gout de l\u2019effort, ne jamais l\u00e2cher et avoir en t\u00eate ses objectifs. Il faut aussi accepter l\u2019\u00e9chec car cela fait partie du jeu mais ce qui compte, c\u2019est d\u2019avoir toujours cette volont\u00e9 de travailler et de ne pas l\u00e2cher. On a le droit de ne pas y arriver, on a le droit de ne pas avoir les qualit\u00e9s pour r\u00e9ussir certaines choses mais il faut essayer de se faire mal avant de consid\u00e9rer qu\u2019on n\u2019y est pas arriv\u00e9. Je pense que si on se fait mal, on arrivera \u00e0 avoir un bon physique afin d\u2019atteindre certains objectifs.<br> Dans un sport collectif, c\u2019est important d\u2019avoir le go\u00fbt de l\u2019effort pour soi mais aussi pour l\u2019autre c\u2019est-\u00e0-dire pour ses co\u00e9quipi\u00e8res et co\u00e9quipiers.<\/p><\/blockquote>\n\n\n\n<figure class=\"wp-block-image\"><img loading=\"lazy\" width=\"683\" height=\"1024\" src=\"http:\/\/solenebodard.fr\/wp-content\/uploads\/2019\/06\/NIK_1608-683x1024.jpg\" alt=\"\" class=\"wp-image-447\" srcset=\"https:\/\/solenebodard.fr\/wp-content\/uploads\/2019\/06\/NIK_1608-683x1024.jpg 683w, https:\/\/solenebodard.fr\/wp-content\/uploads\/2019\/06\/NIK_1608-200x300.jpg 200w, https:\/\/solenebodard.fr\/wp-content\/uploads\/2019\/06\/NIK_1608-768x1152.jpg 768w\" sizes=\"(max-width: 683px) 100vw, 683px\" \/><\/figure>\n\n\n\n<h4>En tant que sportive Professionnelle, penses-tu qu\u2019on peut en vivre ?<\/h4>\n\n\n\n<blockquote class=\"wp-block-quote\"><p>Oui, je pense qu\u2019on peut en vivre, aujourd\u2019hui j\u2019ai la chance de vivre du football et ce n\u2019est pas quelque chose que j\u2019avais imagin\u00e9 il y a quelques ann\u00e9es, donc aujourd\u2019hui je suis un bon exemple pour montrer qu\u2019effectivement on peut vivre de ce sport. <br> Cependant en vivre \u00e0 vie, je ne pense pas qu\u2019on puisse, en tout cas pas aujourd\u2019hui, il y a tr\u00e8s peu de joueuses qui en vivent. Apr\u00e8s c\u2019est quelque chose que je souhaite d\u2019ici quelques ann\u00e9es aux futures joueuses professionnelles qu\u2019il y aura dans le monde. C\u2019est pour \u00e7a que j\u2019ai construit ce double projet d\u2019\u00e9tude en parall\u00e8le du football. Je pense qu\u2019il est important d\u2019assurer ses arri\u00e8res quoi qu\u2019il arrive en faisant des \u00e9tudes ou en tout cas, en ayant un m\u00e9tier qui nous plait pour anticiper l\u2019apr\u00e8s carri\u00e8re.<\/p><\/blockquote>\n\n\n\n<h4>Pour finir Ma\u00e9va, que dirais-tu \u00e0 des jeunes filles qui souhaiteraient s\u2019orienter vers ces m\u00e9tiers ?<\/h4>\n\n\n\n<blockquote class=\"wp-block-quote\"><p>Je pense qu\u2019il faut les encourager \u00e0 s\u2019orienter l\u00e0-dedans. Maintenant aujourd\u2019hui on est un peu dans un entre deux, je pense que le football f\u00e9minin permet de plus en plus aux joueuses d\u2019en vivre ou de gagner un peu d\u2019argent. Mais je pense qu\u2019il est quand m\u00eame n\u00e9cessaire d\u2019avoir un minimum de bagages scolaires avant de signer son premier contrat professionnel. Ce que je veux dire c\u2019est avoir un minimum de dipl\u00f4me permettra d\u2019exercer un m\u00e9tier apr\u00e8s ou un d\u00e9but dans un m\u00e9tier, ainsi, s\u2019il reste une formation \u00e0 faire apr\u00e8s ou quelques ann\u00e9es \u00e0 faire apr\u00e8s sa carri\u00e8re sportive  ce sera plus ais\u00e9 pour avoir le m\u00e9tier qu\u2019on souhaite. Il faut avoir une base avant de se dire \u00ab je veux \u00eatre professionnelle et ne faire que \u00e7a tous les jours \u00bb. C\u2019est ma fa\u00e7on de voir les choses parce que si j\u2019ai eu ce parcours c\u2019est parce que j\u2019ai fait ce choix du double projet \u00e9tudes sup\u00e9rieures et football. <br> Maintenant, il peut arriver que certaines joueuses n\u2019aient pas forcement ces possibilit\u00e9s de dipl\u00f4me qui se pr\u00e9sentent \u00e0 elles et qu\u2019il y ait une proposition de devenir directement joueuse professionnelle, dans ce cas-l\u00e0 il faut bien r\u00e9fl\u00e9chir. Mais moi je pense qu\u2019il est important de ne pas s\u2019emballer et de pas tout de suite se dire \u00ab je n\u2019ai aucun dipl\u00f4me, pas de base donc ce n\u2019est pas grave car je veux \u00eatre footballeuse professionnelle \u00bb. <br> Je pense que c\u2019est primordial aussi que les jeunes filles se rendent compte que c\u2019est important d\u2019avoir un minimum de bagage scolaire parce qu\u2019on ne sait jamais ce qui peut nous arriver dans une carri\u00e8re, une blessure ou m\u00eame ne pas signer de contrat professionnel. C\u2019est important psychologiquement d\u2019avoir certains dipl\u00f4mes ou quelque chose de scolairement parlant avec soi avant d\u2019\u00eatre joueuse de football professionnelle. Sinon j\u2019encourage toutes les jeunes filles \u00e0 se lancer dans le football<\/p><\/blockquote>\n","protected":false},"excerpt":{"rendered":"<p>cr\u00e9dit photo iconsport https:\/\/www.instagram.com\/maevaclemaron\/ La coupe du monde de football f\u00e9minine tant attendue surtout pour nous les Fran\u00e7ais car elle est organis\u00e9e pour la premi\u00e8re fois \u00e0 domicile. Un rendez-vous qui s\u2019annonce riche en \u00e9motions. &nbsp;Un \u00e9v\u00e8nement qui j\u2019esp\u00e8re permettra au football f\u00e9minin d\u2019\u00e9voluer encore plus. A quelques jours du coup d\u2019envoi de la coupe [&hellip;]<\/p>\n","protected":false},"author":1,"featured_media":440,"parent":42,"menu_order":0,"comment_status":"closed","ping_status":"closed","template":"","meta":[],"_links":{"self":[{"href":"https:\/\/solenebodard.fr\/index.php\/wp-json\/wp\/v2\/pages\/439"}],"collection":[{"href":"https:\/\/solenebodard.fr\/index.php\/wp-json\/wp\/v2\/pages"}],"about":[{"href":"https:\/\/solenebodard.fr\/index.php\/wp-json\/wp\/v2\/types\/page"}],"author":[{"embeddable":true,"href":"https:\/\/solenebodard.fr\/index.php\/wp-json\/wp\/v2\/users\/1"}],"replies":[{"embeddable":true,"href":"https:\/\/solenebodard.fr\/index.php\/wp-json\/wp\/v2\/comments?post=439"}],"version-history":[{"count":7,"href":"https:\/\/solenebodard.fr\/index.php\/wp-json\/wp\/v2\/pages\/439\/revisions"}],"predecessor-version":[{"id":1816,"href":"https:\/\/solenebodard.fr\/index.php\/wp-json\/wp\/v2\/pages\/439\/revisions\/1816"}],"up":[{"embeddable":true,"href":"https:\/\/solenebodard.fr\/index.php\/wp-json\/wp\/v2\/pages\/42"}],"wp:featuredmedia":[{"embeddable":true,"href":"https:\/\/solenebodard.fr\/index.php\/wp-json\/wp\/v2\/media\/440"}],"wp:attachment":[{"href":"https:\/\/solenebodard.fr\/index.php\/wp-json\/wp\/v2\/media?parent=439"}],"curies":[{"name":"wp","href":"https:\/\/api.w.org\/{rel}","templated":true}]}}