{"id":62,"date":"2019-02-08T13:47:38","date_gmt":"2019-02-08T12:47:38","guid":{"rendered":"http:\/\/solenebodard.fr\/?page_id=62"},"modified":"2019-03-25T21:46:05","modified_gmt":"2019-03-25T20:46:05","slug":"mon-parcours","status":"publish","type":"page","link":"https:\/\/solenebodard.fr\/index.php\/a-propos-de-moi\/mon-parcours\/","title":{"rendered":"Mon Parcours"},"content":{"rendered":"\n<figure class=\"wp-block-image\"><img loading=\"lazy\" width=\"1024\" height=\"683\" src=\"http:\/\/solenebodard.fr\/wp-content\/uploads\/2019\/02\/DSC00116_102-1024x683.jpg\" alt=\"\" class=\"wp-image-63\" srcset=\"https:\/\/solenebodard.fr\/wp-content\/uploads\/2019\/02\/DSC00116_102.jpg 1024w, https:\/\/solenebodard.fr\/wp-content\/uploads\/2019\/02\/DSC00116_102-300x200.jpg 300w, https:\/\/solenebodard.fr\/wp-content\/uploads\/2019\/02\/DSC00116_102-768x512.jpg 768w\" sizes=\"(max-width: 1024px) 100vw, 1024px\" \/><\/figure>\n\n\n\n<h2><br>Quel est votre parcours sportif ?<\/h2>\n\n\n\n<p class=\"has-medium-font-size\">J\u2019ai d\u00e9couvert l\u2019athl\u00e9tisme \u00e0 l\u2019\u00e2ge de 10\nans \u00e0 Issy les Moulineaux. La fille de ma marraine qui pratiquait ce sport, m\u2019emmenait\n\u00e0 ses entrainements auxquels je participais. C\u2019est son entra\u00eeneur qui d\u00e9tecta\nen moi des qualit\u00e9s.&nbsp;A 15 ans,&nbsp;je me suis sp\u00e9cialis\u00e9e dans la course\ndu 320m Haies. Plus tard, lors de mes premiers championnats de France en 1997 \u00e0\nDreux, un entra\u00eeneur me rep\u00e9ra et me proposa d&rsquo;int\u00e9grer le p\u00f4le espoir de Haut\nniveau d&rsquo;Athl\u00e9tisme&nbsp;CDFAS Eaubonne dans le cadre d&rsquo;une formation\nsport-\u00e9tude. J&rsquo;ai alors commenc\u00e9 un entrainement d&rsquo;athl\u00e8te de haut niveau sur\n400m haies.<\/p>\n\n\n\n<p class=\"has-medium-font-size\">Pour des raisons personnelles et une blessure en 2001, j&rsquo;ai\nmis fin \u00e0 ma carri\u00e8re.<\/p>\n\n\n\n<p class=\"has-medium-font-size\">En 2003 apr\u00e8s la naissance de mon fils, j\u2019ai repris les\nentra\u00eenements au club de Saint Quentin en Yvelines (78). J&rsquo;y ai crois\u00e9 un\nentra\u00eeneur avec des valeurs humaines, qui m&rsquo;a beaucoup aid\u00e9 et permis de\nreprendre confiance en moi. Avec lui, je me suis r\u00e9orient\u00e9e sur le 100m haies.\nCes 5 ann\u00e9es pass\u00e9es \u00e0 ses c\u00f4t\u00e9s m&rsquo;ont permis d&rsquo;atteindre un niveau international.&nbsp;<\/p>\n\n\n\n<p class=\"has-medium-font-size\">De plus, j\u2019ai couru sous les couleurs de mon pays natal, le\nCongo, pendant 4 ans. J\u2019ai pu d\u00e9couvrir l&rsquo;athl\u00e9tisme africain que je ne\nconnaissais pas car je suis venue tr\u00e8s petite en France (\u00e0 l\u2019\u00e2ge de 4 ans) et\nje n\u2019y \u00e9tais pas retourn\u00e9e depuis lors. Cette exp\u00e9rience m&rsquo;a permis d&rsquo;avoir une\nautre vision de l\u2019athl\u00e9tisme.&nbsp;<\/p>\n\n\n\n<p class=\"has-medium-font-size\">Durant ces ann\u00e9es, j&rsquo;ai eu la chance de participer \u00e0 des\ncomp\u00e9titions nationales et internationales. Ce fut une&nbsp;exp\u00e9rience tr\u00e8s\nenrichissante, tant au niveau sportif que personnel. Ce temps-l\u00e0 m\u2019a aussi\npermis de faires d\u2019incroyables rencontres.<\/p>\n\n\n\n<p class=\"has-medium-font-size\">En 2004, j&rsquo;ai commenc\u00e9 en m\u00eame temps \u00e0 enseigner l\u2019athl\u00e9tisme\net \u00e0 pr\u00e9parer mon BPJEPS APT tout cela en continuant ma carri\u00e8re d&rsquo;athl\u00e8te.<\/p>\n\n\n\n<p class=\"has-medium-font-size\">J\u2019ai arr\u00eat\u00e9 celle-ci en 2008 suite \u00e0 une grave blessure.\nProgressivement, je me suis plus tourn\u00e9e vers ma fonction d\u2019entra\u00eeneur.<\/p>\n\n\n\n<h2><br>Pourquoi vous \u00eates-vous orient\u00e9e vers le m\u00e9tier d\u2019\u00e9ducatrice sportive ?<\/h2>\n\n\n\n<p class=\"has-medium-font-size\">Je suis passionn\u00e9e par le sport, surtout l\u2019athl\u00e9tisme, et tr\u00e8s t\u00f4t j\u2019ai voulu en faire mon m\u00e9tier. Tout en pratiquant l\u2019athl\u00e9tisme \u00e0 19 ans, j\u2019entrainais d\u00e9j\u00e0 en club les jeunes \u00e2g\u00e9s de 5 \u00e0 12 ans. Donc, pour moi, c\u2019\u00e9tait une \u00e9vidence. <\/p>\n\n\n\n<h2><br>En tant que femme, que pensez-vous apporter \u00e0 l\u2019emploi sportif ?<\/h2>\n\n\n\n<p class=\"has-medium-font-size\">De la fraicheur et une nouvelle vision.<\/p>\n\n\n\n<h2><br>Avez-vous d\u00fb faire face \u00e0 des st\u00e9r\u00e9otypes au cours de votre parcours, de votre formation?<\/h2>\n\n\n\n<p class=\"has-medium-font-size\">En tant qu\u2019athl\u00e8te, je n\u2019ai pas rencontr\u00e9 cette situation. Pendant mon parcours professionnel j\u2019ai toujours r\u00e9ussi \u00e0 m\u2019imposer au milieu des hommes, que ce soit en formation ou au travail. J\u2019\u00e9tais un peu un gar\u00e7on manqu\u00e9 jusqu\u2019\u00e0 \u00e0 peu pr\u00e8s 18 ans et la majeure partie de mes amis sont des hommes. J\u2019ai un tr\u00e8s fort caract\u00e8re avec du r\u00e9pondant, mais avec le temps, j\u2019ai appris \u00e0 l\u2019utiliser \u00e0 bon escient. Cet \u00e9tat d\u2019esprit vient de nombreuses difficult\u00e9s que j\u2019ai eues \u00e0 affronter dans ma vie. Et pour couronner le tout, je suis maman de 3 gar\u00e7ons (humour&nbsp;: \u00ab&nbsp;Mes gar\u00e7ons me disent souvent Maman ton regard fait peur&nbsp;! \u00bb)<\/p>\n\n\n\n<h2><br>En tant qu\u2019\u00e9ducatrice sportive, pensez-vous avoir une approche \/ une analyse <br>diff\u00e9rente des \u00e9ducateurs (hommes) lors de vos entrainements ?<\/h2>\n\n\n\n<p class=\"has-medium-font-size\">L\u2019analyse n\u2019a rien avoir avec le sexe.&nbsp; Chacun travail diff\u00e9remment selon son chemin\npersonnel et sa formation. Le plus important ce sont les r\u00e9sultats.<\/p>\n\n\n\n<h2><br>Que diriez-vous \u00e0 des jeunes femmes qui souhaiteraient s\u2019orienter vers ces m\u00e9tiers ?<\/h2>\n\n\n\n<p class=\"has-medium-font-size\">De ne pas h\u00e9siter&nbsp;! Nous, les femmes, avons autant\nnotre place que les hommes dans les m\u00e9tiers du sport. Il faut avoir confiance\nen soi et en ses id\u00e9es. Malheureusement, jusqu\u2019\u00e0 maintenant, la place de la\nfemme dans les m\u00e9tiers du sport n\u2019est pas celle qu\u2019elle m\u00e9rite. Je pense que plus\non sera nombreuses, plus les choses pourront avancer plus vite. Alors les\nfilles lancez-vous&nbsp;!<\/p>\n\n\n\n<figure class=\"wp-block-image\"><img loading=\"lazy\" width=\"683\" height=\"1024\" src=\"http:\/\/solenebodard.fr\/wp-content\/uploads\/2019\/02\/DSC04878_1024-683x1024.jpg\" alt=\"\" class=\"wp-image-66\" srcset=\"https:\/\/solenebodard.fr\/wp-content\/uploads\/2019\/02\/DSC04878_1024-683x1024.jpg 683w, https:\/\/solenebodard.fr\/wp-content\/uploads\/2019\/02\/DSC04878_1024-200x300.jpg 200w, https:\/\/solenebodard.fr\/wp-content\/uploads\/2019\/02\/DSC04878_1024-768x1152.jpg 768w, https:\/\/solenebodard.fr\/wp-content\/uploads\/2019\/02\/DSC04878_1024.jpg 1024w\" sizes=\"(max-width: 683px) 100vw, 683px\" \/><\/figure>\n\n\n\n<ul class=\"wp-block-gallery columns-3 is-cropped\"><li class=\"blocks-gallery-item\"><figure><a href=\"http:\/\/solenebodard.fr\/wp-content\/uploads\/2019\/03\/FB_20150607_08_17_51_Saved_Picture.jpg\"><img loading=\"lazy\" width=\"720\" height=\"540\" src=\"http:\/\/solenebodard.fr\/wp-content\/uploads\/2019\/03\/FB_20150607_08_17_51_Saved_Picture.jpg\" alt=\"\" data-id=\"384\" data-link=\"http:\/\/solenebodard.fr\/fb_20150607_08_17_51_saved_picture\/\" class=\"wp-image-384\" srcset=\"https:\/\/solenebodard.fr\/wp-content\/uploads\/2019\/03\/FB_20150607_08_17_51_Saved_Picture.jpg 720w, https:\/\/solenebodard.fr\/wp-content\/uploads\/2019\/03\/FB_20150607_08_17_51_Saved_Picture-300x225.jpg 300w\" sizes=\"(max-width: 720px) 100vw, 720px\" \/><\/a><\/figure><\/li><li class=\"blocks-gallery-item\"><figure><a href=\"http:\/\/solenebodard.fr\/wp-content\/uploads\/2019\/03\/FB_IMG_1546393747746.jpg\"><img loading=\"lazy\" width=\"960\" height=\"720\" src=\"http:\/\/solenebodard.fr\/wp-content\/uploads\/2019\/03\/FB_IMG_1546393747746.jpg\" alt=\"\" data-id=\"386\" data-link=\"http:\/\/solenebodard.fr\/fb_img_1546393747746\/\" class=\"wp-image-386\" srcset=\"https:\/\/solenebodard.fr\/wp-content\/uploads\/2019\/03\/FB_IMG_1546393747746.jpg 960w, https:\/\/solenebodard.fr\/wp-content\/uploads\/2019\/03\/FB_IMG_1546393747746-300x225.jpg 300w, https:\/\/solenebodard.fr\/wp-content\/uploads\/2019\/03\/FB_IMG_1546393747746-768x576.jpg 768w\" sizes=\"(max-width: 960px) 100vw, 960px\" \/><\/a><\/figure><\/li><li class=\"blocks-gallery-item\"><figure><a href=\"http:\/\/solenebodard.fr\/wp-content\/uploads\/2019\/03\/FB_20150607_08_18_39_Saved_Picture.jpg\"><img loading=\"lazy\" width=\"720\" height=\"479\" src=\"http:\/\/solenebodard.fr\/wp-content\/uploads\/2019\/03\/FB_20150607_08_18_39_Saved_Picture.jpg\" alt=\"\" data-id=\"385\" data-link=\"http:\/\/solenebodard.fr\/fb_20150607_08_18_39_saved_picture\/\" class=\"wp-image-385\" srcset=\"https:\/\/solenebodard.fr\/wp-content\/uploads\/2019\/03\/FB_20150607_08_18_39_Saved_Picture.jpg 720w, https:\/\/solenebodard.fr\/wp-content\/uploads\/2019\/03\/FB_20150607_08_18_39_Saved_Picture-300x200.jpg 300w\" sizes=\"(max-width: 720px) 100vw, 720px\" \/><\/a><\/figure><\/li><li class=\"blocks-gallery-item\"><figure><a href=\"http:\/\/solenebodard.fr\/wp-content\/uploads\/2019\/03\/004-745x1024.jpg\"><img loading=\"lazy\" width=\"745\" height=\"1024\" src=\"http:\/\/solenebodard.fr\/wp-content\/uploads\/2019\/03\/004-745x1024.jpg\" alt=\"\" data-id=\"381\" data-link=\"http:\/\/solenebodard.fr\/004\/\" class=\"wp-image-381\" srcset=\"https:\/\/solenebodard.fr\/wp-content\/uploads\/2019\/03\/004-745x1024.jpg 745w, https:\/\/solenebodard.fr\/wp-content\/uploads\/2019\/03\/004-218x300.jpg 218w, https:\/\/solenebodard.fr\/wp-content\/uploads\/2019\/03\/004-768x1056.jpg 768w, https:\/\/solenebodard.fr\/wp-content\/uploads\/2019\/03\/004.jpg 1700w\" sizes=\"(max-width: 745px) 100vw, 745px\" \/><\/a><\/figure><\/li><\/ul>\n\n\n\n<figure class=\"wp-block-image\"><a href=\"http:\/\/solenebodard.fr\/wp-content\/uploads\/2019\/03\/FB_20150607_08_17_17_Saved_Picture.jpg\"><img loading=\"lazy\" width=\"720\" height=\"479\" src=\"http:\/\/solenebodard.fr\/wp-content\/uploads\/2019\/03\/FB_20150607_08_17_17_Saved_Picture.jpg\" alt=\"\" class=\"wp-image-382\" srcset=\"https:\/\/solenebodard.fr\/wp-content\/uploads\/2019\/03\/FB_20150607_08_17_17_Saved_Picture.jpg 720w, https:\/\/solenebodard.fr\/wp-content\/uploads\/2019\/03\/FB_20150607_08_17_17_Saved_Picture-300x200.jpg 300w\" sizes=\"(max-width: 720px) 100vw, 720px\" \/><\/a><\/figure>\n","protected":false},"excerpt":{"rendered":"<p>Quel est votre parcours sportif ? J\u2019ai d\u00e9couvert l\u2019athl\u00e9tisme \u00e0 l\u2019\u00e2ge de 10 ans \u00e0 Issy les Moulineaux. La fille de ma marraine qui pratiquait ce sport, m\u2019emmenait \u00e0 ses entrainements auxquels je participais. C\u2019est son entra\u00eeneur qui d\u00e9tecta en moi des qualit\u00e9s.&nbsp;A 15 ans,&nbsp;je me suis sp\u00e9cialis\u00e9e dans la course du 320m Haies. Plus [&hellip;]<\/p>\n","protected":false},"author":1,"featured_media":0,"parent":206,"menu_order":0,"comment_status":"closed","ping_status":"closed","template":"","meta":[],"_links":{"self":[{"href":"https:\/\/solenebodard.fr\/index.php\/wp-json\/wp\/v2\/pages\/62"}],"collection":[{"href":"https:\/\/solenebodard.fr\/index.php\/wp-json\/wp\/v2\/pages"}],"about":[{"href":"https:\/\/solenebodard.fr\/index.php\/wp-json\/wp\/v2\/types\/page"}],"author":[{"embeddable":true,"href":"https:\/\/solenebodard.fr\/index.php\/wp-json\/wp\/v2\/users\/1"}],"replies":[{"embeddable":true,"href":"https:\/\/solenebodard.fr\/index.php\/wp-json\/wp\/v2\/comments?post=62"}],"version-history":[{"count":8,"href":"https:\/\/solenebodard.fr\/index.php\/wp-json\/wp\/v2\/pages\/62\/revisions"}],"predecessor-version":[{"id":390,"href":"https:\/\/solenebodard.fr\/index.php\/wp-json\/wp\/v2\/pages\/62\/revisions\/390"}],"up":[{"embeddable":true,"href":"https:\/\/solenebodard.fr\/index.php\/wp-json\/wp\/v2\/pages\/206"}],"wp:attachment":[{"href":"https:\/\/solenebodard.fr\/index.php\/wp-json\/wp\/v2\/media?parent=62"}],"curies":[{"name":"wp","href":"https:\/\/api.w.org\/{rel}","templated":true}]}}