{"id":83,"date":"2019-02-24T22:04:34","date_gmt":"2019-02-24T21:04:34","guid":{"rendered":"http:\/\/solenebodard.fr\/?page_id=83"},"modified":"2025-04-13T19:20:34","modified_gmt":"2025-04-13T17:20:34","slug":"temoignages","status":"publish","type":"page","link":"https:\/\/solenebodard.fr\/index.php\/a-propos-de-moi\/temoignages\/","title":{"rendered":"T\u00e9moignages"},"content":{"rendered":"\n<p><\/p>\n\n\n\n<h2><b>Pascal FAURE<\/b><\/h2>\n\n\n\n<div class=\"wp-block-media-text alignwide is-stacked-on-mobile\" style=\"grid-template-columns:10% auto\"><figure class=\"wp-block-media-text__media\"><img loading=\"lazy\" width=\"309\" height=\"380\" src=\"http:\/\/solenebodard.fr\/wp-content\/uploads\/2019\/03\/1200px-ES_Troyes_AC.svg_.png\" alt=\"\" class=\"wp-image-154 size-full\" srcset=\"https:\/\/solenebodard.fr\/wp-content\/uploads\/2019\/03\/1200px-ES_Troyes_AC.svg_.png 309w, https:\/\/solenebodard.fr\/wp-content\/uploads\/2019\/03\/1200px-ES_Troyes_AC.svg_-244x300.png 244w\" sizes=\"(max-width: 309px) 100vw, 309px\" \/><\/figure><div class=\"wp-block-media-text__content\">\n<p>Pr\u00e9parateur physique Football<\/p>\n\n\n\n<p>(\u00c9quipe professionnelle \u00e0 l&rsquo;ESTAC de Troyes)<\/p>\n<\/div><\/div>\n\n\n\n<p> <\/p>\n\n\n\n<figure class=\"wp-block-image\"><img loading=\"lazy\" width=\"1024\" height=\"683\" src=\"http:\/\/solenebodard.fr\/wp-content\/uploads\/2019\/02\/pascalFort2-1024x683.jpg\" alt=\"\" class=\"wp-image-84\" srcset=\"https:\/\/solenebodard.fr\/wp-content\/uploads\/2019\/02\/pascalFort2-1024x683.jpg 1024w, https:\/\/solenebodard.fr\/wp-content\/uploads\/2019\/02\/pascalFort2-300x200.jpg 300w, https:\/\/solenebodard.fr\/wp-content\/uploads\/2019\/02\/pascalFort2-768x512.jpg 768w, https:\/\/solenebodard.fr\/wp-content\/uploads\/2019\/02\/pascalFort2.jpg 1417w\" sizes=\"(max-width: 1024px) 100vw, 1024px\" \/><\/figure>\n\n\n\n<blockquote class=\"wp-block-quote is-style-large\"><p>J\u2019ai rencontr\u00e9 Sol\u00e8ne sur un terrain de football et tout de suite, s\u2019est impos\u00e9e \u00e0 moi l\u2019image d\u2019une femme passionn\u00e9e par le sport, soucieuse de toujours am\u00e9liorer son approche p\u00e9dagogique et ses comp\u00e9tences dans le domaine de la pr\u00e9paration physique et surtout d\u00e9cid\u00e9e \u00e0 transmettre les cl\u00e9s de la performance aux sportifs d\u00e9sireux de progresser et de relever de nouveaux challenges.<\/p><p>L\u2019\u00e9nergie qu\u2019elle d\u00e9ploie et qu\u2019elle transmet ainsi que son v\u00e9cu et son exp\u00e9rience d\u2019athl\u00e8te de haut-niveau sont une v\u00e9ritable valeur ajout\u00e9e sur le chemin de la r\u00e9ussite.<\/p><p>Face \u00e0 tant d\u2019enthousiasme et de comp\u00e9tences, je n\u2019ai aucun doute sur sa trajectoire vers l\u2019excellence et sur la r\u00e9ussite de son projet de contribuer au d\u00e9veloppement de la femme dans le sport et dans l\u2019encadrement sportif.<\/p><\/blockquote>\n\n\n\n<p>Pascal Faure le 22 f\u00e9vrier 2019<\/p>\n\n\n\n<p><a href=\"https:\/\/www.linkedin.com\/in\/pascal-faure-26635883\/\">https:\/\/www.linkedin.com\/in\/pascal-faure-26635883\/<\/a><\/p>\n\n\n\n<hr class=\"wp-block-separator\"\/>\n\n\n\n<h2><b>Ana\u00ebl AUBRY<\/b><\/h2>\n\n\n\n<p> Expert lepape-info et conseiller scientifique des \u00e9quipes de France de triathlon &amp; d&rsquo;eau libre et de l&rsquo;\u00e9quipe cycliste Vital Concept &#8211; B&amp;B H\u00f4tels <\/p>\n\n\n\n<figure class=\"wp-block-image\"><img loading=\"lazy\" width=\"853\" height=\"882\" src=\"http:\/\/solenebodard.fr\/wp-content\/uploads\/2019\/03\/Anael-Aubry-1280-2.jpg\" alt=\"\" class=\"wp-image-120\" srcset=\"https:\/\/solenebodard.fr\/wp-content\/uploads\/2019\/03\/Anael-Aubry-1280-2.jpg 853w, https:\/\/solenebodard.fr\/wp-content\/uploads\/2019\/03\/Anael-Aubry-1280-2-290x300.jpg 290w, https:\/\/solenebodard.fr\/wp-content\/uploads\/2019\/03\/Anael-Aubry-1280-2-768x794.jpg 768w\" sizes=\"(max-width: 853px) 100vw, 853px\" \/><\/figure>\n\n\n\n<blockquote class=\"wp-block-quote is-style-large\"><p><br>J\u2019ai rencontr\u00e9 Sol\u00e8ne dans le cadre de sa formation actuelle dans l\u2019organisme de formation Trans-Faire dont l\u2019intitul\u00e9 est \u00ab&nbsp;Pr\u00e9paration Physique, R\u00e9cup\u00e9ration et Nutrition&nbsp;\u00bb, pour lequel je suis responsable p\u00e9dagogique.<\/p><p>Le principal filtre d\u2019entr\u00e9e \u00e0 cette formation est la motivation des stagiaires \u00e0 s\u2019impliquer dans leur projet professionnel personnel. J\u2019ai tout de suite cern\u00e9 cette facette chez Sol\u00e8ne. Malgr\u00e9 son pass\u00e9 d\u2019ancienne sportive de haut-niveau, elle a soif d\u2019apprendre, est tr\u00e8s curieuse, travailleuse et surtout reste tr\u00e8s humble dans son approche.<\/p><p>D\u2019autre part, ce n\u2019est en aucun cas un droit d\u2019entr\u00e9e \u00e0 cette formation, mais je suis tr\u00e8s heureux de pouvoir former avec mes coll\u00e8gues, une femme, car l\u2019encadrement de nos sportifs manque cruellement d\u2019apports f\u00e9minins, pouvant amener une approche et une sensibilit\u00e9 diff\u00e9rente. <\/p><p>De part mon exp\u00e9rience sur le terrain, je n\u2019ai aucun doute sur la future r\u00e9ussite de Sol\u00e8ne dans ses diff\u00e9rents projets professionnels, quel que soit cette voie. Bon courage \u00e0 elle pour la suite.<\/p><cite><br><\/cite><\/blockquote>\n\n\n\n<p>Ana\u00ebl AUBRY le 1 Mars 2019<\/p>\n\n\n\n<p><a href=\"https:\/\/www.linkedin.com\/in\/ana%C3%ABl-aubry-53960912b\/\">https:\/\/www.linkedin.com\/in\/ana%C3%ABl-aubry-53960912b\/<\/a><\/p>\n\n\n\n<hr class=\"wp-block-separator\"\/>\n\n\n\n<h2><b>Sandy Paillot<\/b><\/h2>\n\n\n\n<p>Joueur de football professionnel N2, FC Fleury 91<\/p>\n\n\n\n<figure class=\"wp-block-video\"><video controls poster=\"http:\/\/solenebodard.fr\/wp-content\/uploads\/2025\/02\/52958257_2827884107237990_1414470044972220416_n.jpg\" src=\"http:\/\/masthanna-sport.fr\/wp-content\/uploads\/2020\/04\/Sandy-Paillot.mp4\"><\/video><\/figure>\n\n\n\n<hr class=\"wp-block-separator\"\/>\n\n\n\n<h2><b>Cryss DIDIN<\/b><\/h2>\n\n\n\n<blockquote class=\"wp-block-quote is-style-large\"><p><em>Je me pr\u00e9sente Didin Cryss, ancien athl\u00e8te pratiquant le sprint j\u2019\u00e9tais licenci\u00e9 \u00e0 l\u2019Hay-Les-Roses.<\/em><\/p><\/blockquote>\n\n\n\n<blockquote class=\"wp-block-quote is-style-large\"><p><em>Professionnellement parlant c\u2019est une femme tr\u00e8s d\u00e9termin\u00e9e qui sait ce qu\u2019elle veut et qui mettra tout en \u0153uvre pour l\u2019avoir. En ayant eu la chance d\u2019avoir d\u2019excellents conseils de sa part, elle m\u2019a aid\u00e9 \u00e0 avancer que ce soit dans le sport ou dans la vie quotidienne, c\u2019est un peu une deuxi\u00e8me maman. Je pense que rare sont les personnes avec une telle gentillesse et qui ont le go\u00fbt du partage pour faire \u00e9voluer les autres<\/em><\/p><\/blockquote>\n\n\n\n<hr class=\"wp-block-separator\"\/>\n\n\n\n<h2><b>Na\u00ebva Cr\u00e9pin<\/b><\/h2>\n\n\n\n<p>Athl\u00e8te de haut niveau, sprint<\/p>\n\n\n\n<figure class=\"wp-block-image size-large\"><img loading=\"lazy\" width=\"767\" height=\"507\" src=\"https:\/\/solenebodard.fr\/wp-content\/uploads\/2025\/02\/Image1.jpg\" alt=\"\" class=\"wp-image-1900\" srcset=\"https:\/\/solenebodard.fr\/wp-content\/uploads\/2025\/02\/Image1.jpg 767w, https:\/\/solenebodard.fr\/wp-content\/uploads\/2025\/02\/Image1-300x198.jpg 300w\" sizes=\"(max-width: 767px) 100vw, 767px\" \/><\/figure>\n\n\n\n<blockquote class=\"wp-block-quote is-style-large\"><p>Bonjour, je suis Na\u00ebva Cr\u00e9pin,&nbsp; j\u2019ai 17 ans, sp\u00e9cialis\u00e9e dans le sprint, je pratique l\u2019athl\u00e9tisme depuis l\u2019\u00e2ge de 7ans. Je suis actuellement licenci\u00e9e au Dynamic Aulnay Club.<\/p><p>Sol\u00e8ne Bodard est une coach tr\u00e8s professionnelle. Elle est tr\u00e8s impliqu\u00e9e dans ce qu\u2019elle entreprend, elle est s\u00e9rieuse et motiv\u00e9e. Toujours \u00e0 l\u2019\u00e9coute de ces athl\u00e8tes Elle prend beaucoup de plaisir \u00e0 aider et conseiller les autres. L\u2019avantage de Sol\u00e8ne et qu\u2019elle est euphorique mais professionnelle.<\/p><p>Dans le cas personnel, Sol\u00e8ne est une personne avec qui il est agr\u00e9able de parler, mais c\u2019est aussi un plaisir de s\u2019entra\u00eener&nbsp; ,surtout lors des stages d\u2019athl\u00e9tisme o\u00f9 l\u2019on souhaiterait tous pouvoir \u00eatre coach\u00e9 par Sol\u00e8ne. C\u2019est une fiert\u00e9 pour moi&nbsp; d\u2019\u00eatre entra\u00een\u00e9e par une ancienne athl\u00e8te de Haut Niveau quand nous m\u00eame souhaitons le devenir.<\/p><p>Pour moi, il n\u2019y a que des points positifs \u00e0 retenir sur Sol\u00e8ne Bodard qui est juste g\u00e9nialissime<\/p><\/blockquote>\n\n\n\n<hr class=\"wp-block-separator\"\/>\n\n\n\n<h2><b>Teninsoun Sissoko<\/b><\/h2>\n\n\n\n<figure class=\"wp-block-image size-large\"><img loading=\"lazy\" width=\"682\" height=\"1024\" src=\"https:\/\/solenebodard.fr\/wp-content\/uploads\/2025\/02\/WhatsApp-Image-2020-04-26-at-17.09.07-1023x1536-1-682x1024.jpeg\" alt=\"\" class=\"wp-image-1901\" srcset=\"https:\/\/solenebodard.fr\/wp-content\/uploads\/2025\/02\/WhatsApp-Image-2020-04-26-at-17.09.07-1023x1536-1-682x1024.jpeg 682w, https:\/\/solenebodard.fr\/wp-content\/uploads\/2025\/02\/WhatsApp-Image-2020-04-26-at-17.09.07-1023x1536-1-200x300.jpeg 200w, https:\/\/solenebodard.fr\/wp-content\/uploads\/2025\/02\/WhatsApp-Image-2020-04-26-at-17.09.07-1023x1536-1-768x1153.jpeg 768w, https:\/\/solenebodard.fr\/wp-content\/uploads\/2025\/02\/WhatsApp-Image-2020-04-26-at-17.09.07-1023x1536-1.jpeg 1023w\" sizes=\"(max-width: 682px) 100vw, 682px\" \/><\/figure>\n\n\n\n<blockquote class=\"wp-block-quote is-style-large\"><p>Joueuse professionnelle en D1, FC Fleury 91<\/p><p>Sol\u00e8ne est une personne extraordinaire. Elle est d\u00e9termin\u00e9e, d\u00e9vou\u00e9e, travaille passionn\u00e9ment, transmets son \u00e9nergie et sa joie de vivre. C\u2019est pour autant une personne tr\u00e8s rigoureuse (on rigole pas quand on bosse).<\/p><p>Travailler avec elle est un bonheur, on apprend, on progresse et surtout on atteint notre but fix\u00e9. Elle est \u00e0 notre \u00e9coute et nous accompagne tout au long de notre pr\u00e9paration, de la meilleure des fa\u00e7ons en nous apportant tous les \u00e9l\u00e9ments n\u00e9cessaires pour notre r\u00e9ussite<\/p><\/blockquote>\n\n\n\n<hr class=\"wp-block-separator\"\/>\n\n\n\n<h2><b>Abdoulaye Baradji<b><\/h2>\n\n\n\n<figure class=\"wp-block-image size-large\"><img loading=\"lazy\" width=\"787\" height=\"1024\" src=\"http:\/\/solenebodard.fr\/wp-content\/uploads\/2025\/04\/image-1-787x1024.png\" alt=\"\" class=\"wp-image-1907\" srcset=\"https:\/\/solenebodard.fr\/wp-content\/uploads\/2025\/04\/image-1-787x1024.png 787w, https:\/\/solenebodard.fr\/wp-content\/uploads\/2025\/04\/image-1-230x300.png 230w, https:\/\/solenebodard.fr\/wp-content\/uploads\/2025\/04\/image-1-768x1000.png 768w, https:\/\/solenebodard.fr\/wp-content\/uploads\/2025\/04\/image-1-1180x1536.png 1180w, https:\/\/solenebodard.fr\/wp-content\/uploads\/2025\/04\/image-1.png 1217w\" sizes=\"(max-width: 787px) 100vw, 787px\" \/><\/figure>\n\n\n\n<blockquote class=\"wp-block-quote is-style-large\"><p>Je m&rsquo;appelle Abdoulaye Baradji joueur de football \u00e0 Jura Sud Foot (National 2)<\/p><\/blockquote>\n\n\n\n<blockquote class=\"wp-block-quote is-style-large\"><p>J&rsquo;ai eu le plaisir de travailler avec Sol\u00e8ne durant la deuxi\u00e8me ann\u00e9e Covid (saison 2020-2021), durant laquelle j&rsquo;\u00e9tais sans club.<br>C&rsquo;\u00e9tait un moment difficile mais le fait de bosser avec une personne professionnelle, d\u00e9termin\u00e9e, d\u00e9vou\u00e9e, qui transmet avec passion, \u00e9nergie et sa joie de vivre comme elle ma permis de rester focus mentalement et physiquement en attendant de trouver un club.<br>Et depuis je ne peux que la remercier et comme elle le dit souvent \u00ab ce n&rsquo;est que le d\u00e9but des grandes choses \u00bb<\/p><\/blockquote>\n","protected":false},"excerpt":{"rendered":"<p>Pascal FAURE Pr\u00e9parateur physique Football (\u00c9quipe professionnelle \u00e0 l&rsquo;ESTAC de Troyes) J\u2019ai rencontr\u00e9 Sol\u00e8ne sur un terrain de football et tout de suite, s\u2019est impos\u00e9e \u00e0 moi l\u2019image d\u2019une femme passionn\u00e9e par le sport, soucieuse de toujours am\u00e9liorer son approche p\u00e9dagogique et ses comp\u00e9tences dans le domaine de la pr\u00e9paration physique et surtout d\u00e9cid\u00e9e \u00e0 [&hellip;]<\/p>\n","protected":false},"author":1,"featured_media":0,"parent":206,"menu_order":0,"comment_status":"closed","ping_status":"closed","template":"","meta":[],"_links":{"self":[{"href":"https:\/\/solenebodard.fr\/index.php\/wp-json\/wp\/v2\/pages\/83"}],"collection":[{"href":"https:\/\/solenebodard.fr\/index.php\/wp-json\/wp\/v2\/pages"}],"about":[{"href":"https:\/\/solenebodard.fr\/index.php\/wp-json\/wp\/v2\/types\/page"}],"author":[{"embeddable":true,"href":"https:\/\/solenebodard.fr\/index.php\/wp-json\/wp\/v2\/users\/1"}],"replies":[{"embeddable":true,"href":"https:\/\/solenebodard.fr\/index.php\/wp-json\/wp\/v2\/comments?post=83"}],"version-history":[{"count":39,"href":"https:\/\/solenebodard.fr\/index.php\/wp-json\/wp\/v2\/pages\/83\/revisions"}],"predecessor-version":[{"id":1914,"href":"https:\/\/solenebodard.fr\/index.php\/wp-json\/wp\/v2\/pages\/83\/revisions\/1914"}],"up":[{"embeddable":true,"href":"https:\/\/solenebodard.fr\/index.php\/wp-json\/wp\/v2\/pages\/206"}],"wp:attachment":[{"href":"https:\/\/solenebodard.fr\/index.php\/wp-json\/wp\/v2\/media?parent=83"}],"curies":[{"name":"wp","href":"https:\/\/api.w.org\/{rel}","templated":true}]}}